{"id":1096,"date":"2024-04-17T17:58:10","date_gmt":"2024-04-17T17:58:10","guid":{"rendered":"https:\/\/sujoya.es\/?post_type=product&#038;p=1096"},"modified":"2024-04-18T07:24:49","modified_gmt":"2024-04-18T07:24:49","slug":"figura-de-plata","status":"publish","type":"product","link":"https:\/\/sujoya.es\/en\/product\/figura-de-plata\/","title":{"rendered":"Silver Figure"},"content":{"rendered":"<p>Buddha figure in resin and silver, 19 centimeters<\/p>","protected":false},"excerpt":{"rendered":"<p>Buddha figure in resin and silver, 19 centimeters<\/p>","protected":false},"featured_media":1101,"template":"","meta":[],"product_brand":[],"product_cat":[72],"product_tag":[],"class_list":{"0":"post-1096","1":"product","2":"type-product","3":"status-publish","4":"has-post-thumbnail","6":"product_cat-figuras-de-plata","8":"first","9":"instock","10":"sale","11":"taxable","12":"shipping-taxable","13":"purchasable","14":"product-type-simple"},"yoast_head":"<!-- This site is optimized with the Yoast SEO plugin v26.8 - https:\/\/yoast.com\/product\/yoast-seo-wordpress\/ -->\n<title>Figura de Plata<\/title>\n<meta name=\"description\" content=\"- Figura de Plata - Joyeria Sujoya en Valladolid\" \/>\n<meta name=\"robots\" content=\"index, follow, max-snippet:-1, max-image-preview:large, max-video-preview:-1\" \/>\n<link rel=\"canonical\" href=\"https:\/\/sujoya.es\/en\/product\/figura-de-plata\/\" \/>\n<meta property=\"og:locale\" content=\"en_GB\" \/>\n<meta property=\"og:type\" content=\"article\" \/>\n<meta property=\"og:title\" content=\"Figura de Plata\" \/>\n<meta property=\"og:description\" content=\"- Figura de Plata - Joyeria Sujoya en Valladolid\" \/>\n<meta property=\"og:url\" content=\"https:\/\/sujoya.es\/en\/product\/figura-de-plata\/\" \/>\n<meta property=\"og:site_name\" content=\"Joyeria Sujoya\" \/>\n<meta property=\"article:modified_time\" content=\"2024-04-18T07:24:49+00:00\" \/>\n<meta property=\"og:image\" content=\"https:\/\/sujoya.es\/wp-content\/uploads\/2024\/04\/IMG_7943-scaled.jpg\" \/>\n\t<meta property=\"og:image:width\" content=\"1920\" \/>\n\t<meta property=\"og:image:height\" content=\"2560\" \/>\n\t<meta property=\"og:image:type\" content=\"image\/jpeg\" \/>\n<meta name=\"twitter:card\" content=\"summary_large_image\" \/>\n<meta name=\"twitter:label1\" content=\"Estimated reading time\" \/>\n\t<meta name=\"twitter:data1\" content=\"1 minute\" \/>\n<script type=\"application\/ld+json\" class=\"yoast-schema-graph\">{\"@context\":\"https:\/\/schema.org\",\"@graph\":[{\"@type\":\"WebPage\",\"@id\":\"https:\/\/sujoya.es\/producto\/figura-de-plata\/\",\"url\":\"https:\/\/sujoya.es\/producto\/figura-de-plata\/\",\"name\":\"Figura de Plata\",\"isPartOf\":{\"@id\":\"https:\/\/sujoya.es\/#website\"},\"primaryImageOfPage\":{\"@id\":\"https:\/\/sujoya.es\/producto\/figura-de-plata\/#primaryimage\"},\"image\":{\"@id\":\"https:\/\/sujoya.es\/producto\/figura-de-plata\/#primaryimage\"},\"thumbnailUrl\":\"https:\/\/sujoya.es\/wp-content\/uploads\/2024\/04\/IMG_7943-scaled.jpg\",\"datePublished\":\"2024-04-17T17:58:10+00:00\",\"dateModified\":\"2024-04-18T07:24:49+00:00\",\"description\":\"- Figura de Plata - Joyeria Sujoya en Valladolid\",\"breadcrumb\":{\"@id\":\"https:\/\/sujoya.es\/producto\/figura-de-plata\/#breadcrumb\"},\"inLanguage\":\"en-GB\",\"potentialAction\":[{\"@type\":\"ReadAction\",\"target\":[\"https:\/\/sujoya.es\/producto\/figura-de-plata\/\"]}]},{\"@type\":\"ImageObject\",\"inLanguage\":\"en-GB\",\"@id\":\"https:\/\/sujoya.es\/producto\/figura-de-plata\/#primaryimage\",\"url\":\"https:\/\/sujoya.es\/wp-content\/uploads\/2024\/04\/IMG_7943-scaled.jpg\",\"contentUrl\":\"https:\/\/sujoya.es\/wp-content\/uploads\/2024\/04\/IMG_7943-scaled.jpg\",\"width\":1920,\"height\":2560},{\"@type\":\"BreadcrumbList\",\"@id\":\"https:\/\/sujoya.es\/producto\/figura-de-plata\/#breadcrumb\",\"itemListElement\":[{\"@type\":\"ListItem\",\"position\":1,\"name\":\"Portada\",\"item\":\"https:\/\/sujoya.es\/\"},{\"@type\":\"ListItem\",\"position\":2,\"name\":\"Productos\",\"item\":\"https:\/\/sujoya.es\/shop\/\"},{\"@type\":\"ListItem\",\"position\":3,\"name\":\"Figura de Plata\"}]},{\"@type\":\"WebSite\",\"@id\":\"https:\/\/sujoya.es\/#website\",\"url\":\"https:\/\/sujoya.es\/\",\"name\":\"Joyeria Su Joya\",\"description\":\"\u00a1Joyer\u00eda Sujoya en Valladolid desde hace m\u00e1s de 20 a\u00f1os! \ud83d\udc8d\u2728 Descubre nuestras colecciones de relojes, joyas, alianzas... #Joyer\u00edaValladolid\",\"publisher\":{\"@id\":\"https:\/\/sujoya.es\/#organization\"},\"potentialAction\":[{\"@type\":\"SearchAction\",\"target\":{\"@type\":\"EntryPoint\",\"urlTemplate\":\"https:\/\/sujoya.es\/?s={search_term_string}\"},\"query-input\":{\"@type\":\"PropertyValueSpecification\",\"valueRequired\":true,\"valueName\":\"search_term_string\"}}],\"inLanguage\":\"en-GB\"},{\"@type\":\"Organization\",\"@id\":\"https:\/\/sujoya.es\/#organization\",\"name\":\"Joyeria Su Joya\",\"url\":\"https:\/\/sujoya.es\/\",\"logo\":{\"@type\":\"ImageObject\",\"inLanguage\":\"en-GB\",\"@id\":\"https:\/\/sujoya.es\/#\/schema\/logo\/image\/\",\"url\":\"https:\/\/sujoya.es\/wp-content\/uploads\/2023\/11\/logotipo_web.png\",\"contentUrl\":\"https:\/\/sujoya.es\/wp-content\/uploads\/2023\/11\/logotipo_web.png\",\"width\":1185,\"height\":339,\"caption\":\"Joyeria Su Joya\"},\"image\":{\"@id\":\"https:\/\/sujoya.es\/#\/schema\/logo\/image\/\"}}]}<\/script>\n<!-- \/ Yoast SEO plugin. -->","yoast_head_json":{"title":"Silver Figure","description":"- Figura de Plata - Joyeria Sujoya en Valladolid","robots":{"index":"index","follow":"follow","max-snippet":"max-snippet:-1","max-image-preview":"max-image-preview:large","max-video-preview":"max-video-preview:-1"},"canonical":"https:\/\/sujoya.es\/en\/product\/figura-de-plata\/","og_locale":"en_GB","og_type":"article","og_title":"Figura de Plata","og_description":"- Figura de Plata - Joyeria Sujoya en Valladolid","og_url":"https:\/\/sujoya.es\/en\/product\/figura-de-plata\/","og_site_name":"Joyeria Sujoya","article_modified_time":"2024-04-18T07:24:49+00:00","og_image":[{"width":1920,"height":2560,"url":"https:\/\/sujoya.es\/wp-content\/uploads\/2024\/04\/IMG_7943-scaled.jpg","type":"image\/jpeg"}],"twitter_card":"summary_large_image","twitter_misc":{"Estimated reading time":"1 minute"},"schema":{"@context":"https:\/\/schema.org","@graph":[{"@type":"WebPage","@id":"https:\/\/sujoya.es\/producto\/figura-de-plata\/","url":"https:\/\/sujoya.es\/producto\/figura-de-plata\/","name":"Silver Figure","isPartOf":{"@id":"https:\/\/sujoya.es\/#website"},"primaryImageOfPage":{"@id":"https:\/\/sujoya.es\/producto\/figura-de-plata\/#primaryimage"},"image":{"@id":"https:\/\/sujoya.es\/producto\/figura-de-plata\/#primaryimage"},"thumbnailUrl":"https:\/\/sujoya.es\/wp-content\/uploads\/2024\/04\/IMG_7943-scaled.jpg","datePublished":"2024-04-17T17:58:10+00:00","dateModified":"2024-04-18T07:24:49+00:00","description":"- Figura de Plata - Joyeria Sujoya en Valladolid","breadcrumb":{"@id":"https:\/\/sujoya.es\/producto\/figura-de-plata\/#breadcrumb"},"inLanguage":"en-GB","potentialAction":[{"@type":"ReadAction","target":["https:\/\/sujoya.es\/producto\/figura-de-plata\/"]}]},{"@type":"ImageObject","inLanguage":"en-GB","@id":"https:\/\/sujoya.es\/producto\/figura-de-plata\/#primaryimage","url":"https:\/\/sujoya.es\/wp-content\/uploads\/2024\/04\/IMG_7943-scaled.jpg","contentUrl":"https:\/\/sujoya.es\/wp-content\/uploads\/2024\/04\/IMG_7943-scaled.jpg","width":1920,"height":2560},{"@type":"BreadcrumbList","@id":"https:\/\/sujoya.es\/producto\/figura-de-plata\/#breadcrumb","itemListElement":[{"@type":"ListItem","position":1,"name":"Portada","item":"https:\/\/sujoya.es\/"},{"@type":"ListItem","position":2,"name":"Productos","item":"https:\/\/sujoya.es\/shop\/"},{"@type":"ListItem","position":3,"name":"Figura de Plata"}]},{"@type":"WebSite","@id":"https:\/\/sujoya.es\/#website","url":"https:\/\/sujoya.es\/","name":"Joyeria Su Joya","description":"Sujoya Jewelry in Valladolid for over 20 years! \ud83d\udc8d\u2728 Discover our collections of watches, jewelry, wedding rings... #Joyer\u00edaValladolid","publisher":{"@id":"https:\/\/sujoya.es\/#organization"},"potentialAction":[{"@type":"SearchAction","target":{"@type":"EntryPoint","urlTemplate":"https:\/\/sujoya.es\/?s={search_term_string}"},"query-input":{"@type":"PropertyValueSpecification","valueRequired":true,"valueName":"search_term_string"}}],"inLanguage":"en-GB"},{"@type":"Organization","@id":"https:\/\/sujoya.es\/#organization","name":"Joyeria Su Joya","url":"https:\/\/sujoya.es\/","logo":{"@type":"ImageObject","inLanguage":"en-GB","@id":"https:\/\/sujoya.es\/#\/schema\/logo\/image\/","url":"https:\/\/sujoya.es\/wp-content\/uploads\/2023\/11\/logotipo_web.png","contentUrl":"https:\/\/sujoya.es\/wp-content\/uploads\/2023\/11\/logotipo_web.png","width":1185,"height":339,"caption":"Joyeria Su Joya"},"image":{"@id":"https:\/\/sujoya.es\/#\/schema\/logo\/image\/"}}]}},"_links":{"self":[{"href":"https:\/\/sujoya.es\/en\/wp-json\/wp\/v2\/product\/1096","targetHints":{"allow":["GET"]}}],"collection":[{"href":"https:\/\/sujoya.es\/en\/wp-json\/wp\/v2\/product"}],"about":[{"href":"https:\/\/sujoya.es\/en\/wp-json\/wp\/v2\/types\/product"}],"wp:featuredmedia":[{"embeddable":true,"href":"https:\/\/sujoya.es\/en\/wp-json\/wp\/v2\/media\/1101"}],"wp:attachment":[{"href":"https:\/\/sujoya.es\/en\/wp-json\/wp\/v2\/media?parent=1096"}],"wp:term":[{"taxonomy":"product_brand","embeddable":true,"href":"https:\/\/sujoya.es\/en\/wp-json\/wp\/v2\/product_brand?post=1096"},{"taxonomy":"product_cat","embeddable":true,"href":"https:\/\/sujoya.es\/en\/wp-json\/wp\/v2\/product_cat?post=1096"},{"taxonomy":"product_tag","embeddable":true,"href":"https:\/\/sujoya.es\/en\/wp-json\/wp\/v2\/product_tag?post=1096"}],"curies":[{"name":"wp","href":"https:\/\/api.w.org\/{rel}","templated":true}]}}