{"id":1059,"date":"2024-04-15T08:10:07","date_gmt":"2024-04-15T08:10:07","guid":{"rendered":"https:\/\/sujoya.es\/?post_type=product&#038;p=1059"},"modified":"2024-04-18T07:36:25","modified_gmt":"2024-04-18T07:36:25","slug":"reloj-lorenz-senora-acero-y-oro-con-brillantes","status":"publish","type":"product","link":"https:\/\/sujoya.es\/en\/product\/reloj-lorenz-senora-acero-y-oro-con-brillantes\/","title":{"rendered":"Lorenz ladies steel and gold watch with diamonds"},"content":{"rendered":"<p>Sapphire Crystal<\/p>\n<p>Ref: 25695<\/p>","protected":false},"excerpt":{"rendered":"<p>Sapphire Crystal Ref: 25695<\/p>","protected":false},"featured_media":1060,"template":"","meta":[],"product_brand":[],"product_cat":[62,28],"product_tag":[],"class_list":{"0":"post-1059","1":"product","2":"type-product","3":"status-publish","4":"has-post-thumbnail","6":"product_cat-relojes-mujer","7":"product_cat-relojes","9":"first","10":"instock","11":"taxable","12":"shipping-taxable","13":"purchasable","14":"product-type-simple"},"yoast_head":"<!-- This site is optimized with the Yoast SEO plugin v26.8 - https:\/\/yoast.com\/product\/yoast-seo-wordpress\/ -->\n<title>Reloj Lorenz se\u00f1ora acero y oro con brillantes<\/title>\n<meta name=\"description\" content=\"- Reloj Lorenz se\u00f1ora acero y oro con brillantes - Joyeria Sujoya en Valladolid\" \/>\n<meta name=\"robots\" content=\"index, follow, max-snippet:-1, max-image-preview:large, max-video-preview:-1\" \/>\n<link rel=\"canonical\" href=\"https:\/\/sujoya.es\/en\/product\/reloj-lorenz-senora-acero-y-oro-con-brillantes\/\" \/>\n<meta property=\"og:locale\" content=\"en_GB\" \/>\n<meta property=\"og:type\" content=\"article\" \/>\n<meta property=\"og:title\" content=\"Reloj Lorenz se\u00f1ora acero y oro con brillantes\" \/>\n<meta property=\"og:description\" content=\"- Reloj Lorenz se\u00f1ora acero y oro con brillantes - Joyeria Sujoya en Valladolid\" \/>\n<meta property=\"og:url\" content=\"https:\/\/sujoya.es\/en\/product\/reloj-lorenz-senora-acero-y-oro-con-brillantes\/\" \/>\n<meta property=\"og:site_name\" content=\"Joyeria Sujoya\" \/>\n<meta property=\"article:modified_time\" content=\"2024-04-18T07:36:25+00:00\" \/>\n<meta property=\"og:image\" content=\"https:\/\/sujoya.es\/wp-content\/uploads\/2024\/04\/RELOJ-LORENZ-SENORA-ACERO-Y-ORO-CON-BRILLANTES-CRISTAL-ZAFIRO-REF-25695-1300.00E.png\" \/>\n\t<meta property=\"og:image:width\" content=\"1920\" \/>\n\t<meta property=\"og:image:height\" content=\"1761\" \/>\n\t<meta property=\"og:image:type\" content=\"image\/png\" \/>\n<meta name=\"twitter:card\" content=\"summary_large_image\" \/>\n<meta name=\"twitter:label1\" content=\"Estimated reading time\" \/>\n\t<meta name=\"twitter:data1\" content=\"1 minute\" \/>\n<script type=\"application\/ld+json\" class=\"yoast-schema-graph\">{\"@context\":\"https:\/\/schema.org\",\"@graph\":[{\"@type\":\"WebPage\",\"@id\":\"https:\/\/sujoya.es\/producto\/reloj-lorenz-senora-acero-y-oro-con-brillantes\/\",\"url\":\"https:\/\/sujoya.es\/producto\/reloj-lorenz-senora-acero-y-oro-con-brillantes\/\",\"name\":\"Reloj Lorenz se\u00f1ora acero y oro con brillantes\",\"isPartOf\":{\"@id\":\"https:\/\/sujoya.es\/#website\"},\"primaryImageOfPage\":{\"@id\":\"https:\/\/sujoya.es\/producto\/reloj-lorenz-senora-acero-y-oro-con-brillantes\/#primaryimage\"},\"image\":{\"@id\":\"https:\/\/sujoya.es\/producto\/reloj-lorenz-senora-acero-y-oro-con-brillantes\/#primaryimage\"},\"thumbnailUrl\":\"https:\/\/sujoya.es\/wp-content\/uploads\/2024\/04\/RELOJ-LORENZ-SENORA-ACERO-Y-ORO-CON-BRILLANTES-CRISTAL-ZAFIRO-REF-25695-1300.00E.png\",\"datePublished\":\"2024-04-15T08:10:07+00:00\",\"dateModified\":\"2024-04-18T07:36:25+00:00\",\"description\":\"- Reloj Lorenz se\u00f1ora acero y oro con brillantes - Joyeria Sujoya en Valladolid\",\"breadcrumb\":{\"@id\":\"https:\/\/sujoya.es\/producto\/reloj-lorenz-senora-acero-y-oro-con-brillantes\/#breadcrumb\"},\"inLanguage\":\"en-GB\",\"potentialAction\":[{\"@type\":\"ReadAction\",\"target\":[\"https:\/\/sujoya.es\/producto\/reloj-lorenz-senora-acero-y-oro-con-brillantes\/\"]}]},{\"@type\":\"ImageObject\",\"inLanguage\":\"en-GB\",\"@id\":\"https:\/\/sujoya.es\/producto\/reloj-lorenz-senora-acero-y-oro-con-brillantes\/#primaryimage\",\"url\":\"https:\/\/sujoya.es\/wp-content\/uploads\/2024\/04\/RELOJ-LORENZ-SENORA-ACERO-Y-ORO-CON-BRILLANTES-CRISTAL-ZAFIRO-REF-25695-1300.00E.png\",\"contentUrl\":\"https:\/\/sujoya.es\/wp-content\/uploads\/2024\/04\/RELOJ-LORENZ-SENORA-ACERO-Y-ORO-CON-BRILLANTES-CRISTAL-ZAFIRO-REF-25695-1300.00E.png\",\"width\":1920,\"height\":1761},{\"@type\":\"BreadcrumbList\",\"@id\":\"https:\/\/sujoya.es\/producto\/reloj-lorenz-senora-acero-y-oro-con-brillantes\/#breadcrumb\",\"itemListElement\":[{\"@type\":\"ListItem\",\"position\":1,\"name\":\"Portada\",\"item\":\"https:\/\/sujoya.es\/\"},{\"@type\":\"ListItem\",\"position\":2,\"name\":\"Productos\",\"item\":\"https:\/\/sujoya.es\/shop\/\"},{\"@type\":\"ListItem\",\"position\":3,\"name\":\"Reloj Lorenz se\u00f1ora acero y oro con brillantes\"}]},{\"@type\":\"WebSite\",\"@id\":\"https:\/\/sujoya.es\/#website\",\"url\":\"https:\/\/sujoya.es\/\",\"name\":\"Joyeria Su Joya\",\"description\":\"\u00a1Joyer\u00eda Sujoya en Valladolid desde hace m\u00e1s de 20 a\u00f1os! \ud83d\udc8d\u2728 Descubre nuestras colecciones de relojes, joyas, alianzas... #Joyer\u00edaValladolid\",\"publisher\":{\"@id\":\"https:\/\/sujoya.es\/#organization\"},\"potentialAction\":[{\"@type\":\"SearchAction\",\"target\":{\"@type\":\"EntryPoint\",\"urlTemplate\":\"https:\/\/sujoya.es\/?s={search_term_string}\"},\"query-input\":{\"@type\":\"PropertyValueSpecification\",\"valueRequired\":true,\"valueName\":\"search_term_string\"}}],\"inLanguage\":\"en-GB\"},{\"@type\":\"Organization\",\"@id\":\"https:\/\/sujoya.es\/#organization\",\"name\":\"Joyeria Su Joya\",\"url\":\"https:\/\/sujoya.es\/\",\"logo\":{\"@type\":\"ImageObject\",\"inLanguage\":\"en-GB\",\"@id\":\"https:\/\/sujoya.es\/#\/schema\/logo\/image\/\",\"url\":\"https:\/\/sujoya.es\/wp-content\/uploads\/2023\/11\/logotipo_web.png\",\"contentUrl\":\"https:\/\/sujoya.es\/wp-content\/uploads\/2023\/11\/logotipo_web.png\",\"width\":1185,\"height\":339,\"caption\":\"Joyeria Su Joya\"},\"image\":{\"@id\":\"https:\/\/sujoya.es\/#\/schema\/logo\/image\/\"}}]}<\/script>\n<!-- \/ Yoast SEO plugin. -->","yoast_head_json":{"title":"Lorenz ladies steel and gold watch with diamonds","description":"- Reloj Lorenz se\u00f1ora acero y oro con brillantes - Joyeria Sujoya en Valladolid","robots":{"index":"index","follow":"follow","max-snippet":"max-snippet:-1","max-image-preview":"max-image-preview:large","max-video-preview":"max-video-preview:-1"},"canonical":"https:\/\/sujoya.es\/en\/product\/reloj-lorenz-senora-acero-y-oro-con-brillantes\/","og_locale":"en_GB","og_type":"article","og_title":"Reloj Lorenz se\u00f1ora acero y oro con brillantes","og_description":"- Reloj Lorenz se\u00f1ora acero y oro con brillantes - Joyeria Sujoya en Valladolid","og_url":"https:\/\/sujoya.es\/en\/product\/reloj-lorenz-senora-acero-y-oro-con-brillantes\/","og_site_name":"Joyeria Sujoya","article_modified_time":"2024-04-18T07:36:25+00:00","og_image":[{"width":1920,"height":1761,"url":"https:\/\/sujoya.es\/wp-content\/uploads\/2024\/04\/RELOJ-LORENZ-SENORA-ACERO-Y-ORO-CON-BRILLANTES-CRISTAL-ZAFIRO-REF-25695-1300.00E.png","type":"image\/png"}],"twitter_card":"summary_large_image","twitter_misc":{"Estimated reading time":"1 minute"},"schema":{"@context":"https:\/\/schema.org","@graph":[{"@type":"WebPage","@id":"https:\/\/sujoya.es\/producto\/reloj-lorenz-senora-acero-y-oro-con-brillantes\/","url":"https:\/\/sujoya.es\/producto\/reloj-lorenz-senora-acero-y-oro-con-brillantes\/","name":"Lorenz ladies steel and gold watch with diamonds","isPartOf":{"@id":"https:\/\/sujoya.es\/#website"},"primaryImageOfPage":{"@id":"https:\/\/sujoya.es\/producto\/reloj-lorenz-senora-acero-y-oro-con-brillantes\/#primaryimage"},"image":{"@id":"https:\/\/sujoya.es\/producto\/reloj-lorenz-senora-acero-y-oro-con-brillantes\/#primaryimage"},"thumbnailUrl":"https:\/\/sujoya.es\/wp-content\/uploads\/2024\/04\/RELOJ-LORENZ-SENORA-ACERO-Y-ORO-CON-BRILLANTES-CRISTAL-ZAFIRO-REF-25695-1300.00E.png","datePublished":"2024-04-15T08:10:07+00:00","dateModified":"2024-04-18T07:36:25+00:00","description":"- Reloj Lorenz se\u00f1ora acero y oro con brillantes - Joyeria Sujoya en Valladolid","breadcrumb":{"@id":"https:\/\/sujoya.es\/producto\/reloj-lorenz-senora-acero-y-oro-con-brillantes\/#breadcrumb"},"inLanguage":"en-GB","potentialAction":[{"@type":"ReadAction","target":["https:\/\/sujoya.es\/producto\/reloj-lorenz-senora-acero-y-oro-con-brillantes\/"]}]},{"@type":"ImageObject","inLanguage":"en-GB","@id":"https:\/\/sujoya.es\/producto\/reloj-lorenz-senora-acero-y-oro-con-brillantes\/#primaryimage","url":"https:\/\/sujoya.es\/wp-content\/uploads\/2024\/04\/RELOJ-LORENZ-SENORA-ACERO-Y-ORO-CON-BRILLANTES-CRISTAL-ZAFIRO-REF-25695-1300.00E.png","contentUrl":"https:\/\/sujoya.es\/wp-content\/uploads\/2024\/04\/RELOJ-LORENZ-SENORA-ACERO-Y-ORO-CON-BRILLANTES-CRISTAL-ZAFIRO-REF-25695-1300.00E.png","width":1920,"height":1761},{"@type":"BreadcrumbList","@id":"https:\/\/sujoya.es\/producto\/reloj-lorenz-senora-acero-y-oro-con-brillantes\/#breadcrumb","itemListElement":[{"@type":"ListItem","position":1,"name":"Portada","item":"https:\/\/sujoya.es\/"},{"@type":"ListItem","position":2,"name":"Productos","item":"https:\/\/sujoya.es\/shop\/"},{"@type":"ListItem","position":3,"name":"Reloj Lorenz se\u00f1ora acero y oro con brillantes"}]},{"@type":"WebSite","@id":"https:\/\/sujoya.es\/#website","url":"https:\/\/sujoya.es\/","name":"Joyeria Su Joya","description":"Sujoya Jewelry in Valladolid for over 20 years! \ud83d\udc8d\u2728 Discover our collections of watches, jewelry, wedding rings... #Joyer\u00edaValladolid","publisher":{"@id":"https:\/\/sujoya.es\/#organization"},"potentialAction":[{"@type":"SearchAction","target":{"@type":"EntryPoint","urlTemplate":"https:\/\/sujoya.es\/?s={search_term_string}"},"query-input":{"@type":"PropertyValueSpecification","valueRequired":true,"valueName":"search_term_string"}}],"inLanguage":"en-GB"},{"@type":"Organization","@id":"https:\/\/sujoya.es\/#organization","name":"Joyeria Su Joya","url":"https:\/\/sujoya.es\/","logo":{"@type":"ImageObject","inLanguage":"en-GB","@id":"https:\/\/sujoya.es\/#\/schema\/logo\/image\/","url":"https:\/\/sujoya.es\/wp-content\/uploads\/2023\/11\/logotipo_web.png","contentUrl":"https:\/\/sujoya.es\/wp-content\/uploads\/2023\/11\/logotipo_web.png","width":1185,"height":339,"caption":"Joyeria Su Joya"},"image":{"@id":"https:\/\/sujoya.es\/#\/schema\/logo\/image\/"}}]}},"_links":{"self":[{"href":"https:\/\/sujoya.es\/en\/wp-json\/wp\/v2\/product\/1059","targetHints":{"allow":["GET"]}}],"collection":[{"href":"https:\/\/sujoya.es\/en\/wp-json\/wp\/v2\/product"}],"about":[{"href":"https:\/\/sujoya.es\/en\/wp-json\/wp\/v2\/types\/product"}],"wp:featuredmedia":[{"embeddable":true,"href":"https:\/\/sujoya.es\/en\/wp-json\/wp\/v2\/media\/1060"}],"wp:attachment":[{"href":"https:\/\/sujoya.es\/en\/wp-json\/wp\/v2\/media?parent=1059"}],"wp:term":[{"taxonomy":"product_brand","embeddable":true,"href":"https:\/\/sujoya.es\/en\/wp-json\/wp\/v2\/product_brand?post=1059"},{"taxonomy":"product_cat","embeddable":true,"href":"https:\/\/sujoya.es\/en\/wp-json\/wp\/v2\/product_cat?post=1059"},{"taxonomy":"product_tag","embeddable":true,"href":"https:\/\/sujoya.es\/en\/wp-json\/wp\/v2\/product_tag?post=1059"}],"curies":[{"name":"wp","href":"https:\/\/api.w.org\/{rel}","templated":true}]}}