{"id":1057,"date":"2024-04-15T08:08:25","date_gmt":"2024-04-15T08:08:25","guid":{"rendered":"https:\/\/sujoya.es\/?post_type=product&#038;p=1057"},"modified":"2024-04-18T07:30:34","modified_gmt":"2024-04-18T07:30:34","slug":"pulsera-viceroy-acero-y-cuero","status":"publish","type":"product","link":"https:\/\/sujoya.es\/en\/product\/pulsera-viceroy-acero-y-cuero\/","title":{"rendered":"Viceroy Steel and Leather Bracelet"},"content":{"rendered":"","protected":false},"excerpt":{"rendered":"","protected":false},"featured_media":1058,"template":"","meta":[],"product_brand":[],"product_cat":[59],"product_tag":[],"class_list":{"0":"post-1057","1":"product","2":"type-product","3":"status-publish","4":"has-post-thumbnail","6":"product_cat-pulseras-perlas","8":"first","9":"instock","10":"taxable","11":"shipping-taxable","12":"purchasable","13":"product-type-simple"},"yoast_head":"<!-- This site is optimized with the Yoast SEO plugin v26.8 - https:\/\/yoast.com\/product\/yoast-seo-wordpress\/ -->\n<title>Pulsera Viceroy Acero y Cuero<\/title>\n<meta name=\"description\" content=\"- Pulsera Viceroy Acero y Cuero - Joyeria Sujoya en Valladolid\" \/>\n<meta name=\"robots\" content=\"index, follow, max-snippet:-1, max-image-preview:large, max-video-preview:-1\" \/>\n<link rel=\"canonical\" href=\"https:\/\/sujoya.es\/en\/product\/pulsera-viceroy-acero-y-cuero\/\" \/>\n<meta property=\"og:locale\" content=\"en_GB\" \/>\n<meta property=\"og:type\" content=\"article\" \/>\n<meta property=\"og:title\" content=\"Pulsera Viceroy Acero y Cuero\" \/>\n<meta property=\"og:description\" content=\"- Pulsera Viceroy Acero y Cuero - Joyeria Sujoya en Valladolid\" \/>\n<meta property=\"og:url\" content=\"https:\/\/sujoya.es\/en\/product\/pulsera-viceroy-acero-y-cuero\/\" \/>\n<meta property=\"og:site_name\" content=\"Joyeria Sujoya\" \/>\n<meta property=\"article:modified_time\" content=\"2024-04-18T07:30:34+00:00\" \/>\n<meta property=\"og:image\" content=\"https:\/\/sujoya.es\/wp-content\/uploads\/2024\/04\/PULSERA-VICEROY-ACERO-Y-CUERO-39.00E.png\" \/>\n\t<meta property=\"og:image:width\" content=\"1440\" \/>\n\t<meta property=\"og:image:height\" content=\"1920\" \/>\n\t<meta property=\"og:image:type\" content=\"image\/png\" \/>\n<meta name=\"twitter:card\" content=\"summary_large_image\" \/>\n<script type=\"application\/ld+json\" class=\"yoast-schema-graph\">{\"@context\":\"https:\/\/schema.org\",\"@graph\":[{\"@type\":\"WebPage\",\"@id\":\"https:\/\/sujoya.es\/producto\/pulsera-viceroy-acero-y-cuero\/\",\"url\":\"https:\/\/sujoya.es\/producto\/pulsera-viceroy-acero-y-cuero\/\",\"name\":\"Pulsera Viceroy Acero y Cuero\",\"isPartOf\":{\"@id\":\"https:\/\/sujoya.es\/#website\"},\"primaryImageOfPage\":{\"@id\":\"https:\/\/sujoya.es\/producto\/pulsera-viceroy-acero-y-cuero\/#primaryimage\"},\"image\":{\"@id\":\"https:\/\/sujoya.es\/producto\/pulsera-viceroy-acero-y-cuero\/#primaryimage\"},\"thumbnailUrl\":\"https:\/\/sujoya.es\/wp-content\/uploads\/2024\/04\/PULSERA-VICEROY-ACERO-Y-CUERO-39.00E.png\",\"datePublished\":\"2024-04-15T08:08:25+00:00\",\"dateModified\":\"2024-04-18T07:30:34+00:00\",\"description\":\"- Pulsera Viceroy Acero y Cuero - Joyeria Sujoya en Valladolid\",\"breadcrumb\":{\"@id\":\"https:\/\/sujoya.es\/producto\/pulsera-viceroy-acero-y-cuero\/#breadcrumb\"},\"inLanguage\":\"en-GB\",\"potentialAction\":[{\"@type\":\"ReadAction\",\"target\":[\"https:\/\/sujoya.es\/producto\/pulsera-viceroy-acero-y-cuero\/\"]}]},{\"@type\":\"ImageObject\",\"inLanguage\":\"en-GB\",\"@id\":\"https:\/\/sujoya.es\/producto\/pulsera-viceroy-acero-y-cuero\/#primaryimage\",\"url\":\"https:\/\/sujoya.es\/wp-content\/uploads\/2024\/04\/PULSERA-VICEROY-ACERO-Y-CUERO-39.00E.png\",\"contentUrl\":\"https:\/\/sujoya.es\/wp-content\/uploads\/2024\/04\/PULSERA-VICEROY-ACERO-Y-CUERO-39.00E.png\",\"width\":1440,\"height\":1920},{\"@type\":\"BreadcrumbList\",\"@id\":\"https:\/\/sujoya.es\/producto\/pulsera-viceroy-acero-y-cuero\/#breadcrumb\",\"itemListElement\":[{\"@type\":\"ListItem\",\"position\":1,\"name\":\"Portada\",\"item\":\"https:\/\/sujoya.es\/\"},{\"@type\":\"ListItem\",\"position\":2,\"name\":\"Productos\",\"item\":\"https:\/\/sujoya.es\/shop\/\"},{\"@type\":\"ListItem\",\"position\":3,\"name\":\"Pulsera Viceroy Acero y Cuero\"}]},{\"@type\":\"WebSite\",\"@id\":\"https:\/\/sujoya.es\/#website\",\"url\":\"https:\/\/sujoya.es\/\",\"name\":\"Joyeria Su Joya\",\"description\":\"\u00a1Joyer\u00eda Sujoya en Valladolid desde hace m\u00e1s de 20 a\u00f1os! \ud83d\udc8d\u2728 Descubre nuestras colecciones de relojes, joyas, alianzas... #Joyer\u00edaValladolid\",\"publisher\":{\"@id\":\"https:\/\/sujoya.es\/#organization\"},\"potentialAction\":[{\"@type\":\"SearchAction\",\"target\":{\"@type\":\"EntryPoint\",\"urlTemplate\":\"https:\/\/sujoya.es\/?s={search_term_string}\"},\"query-input\":{\"@type\":\"PropertyValueSpecification\",\"valueRequired\":true,\"valueName\":\"search_term_string\"}}],\"inLanguage\":\"en-GB\"},{\"@type\":\"Organization\",\"@id\":\"https:\/\/sujoya.es\/#organization\",\"name\":\"Joyeria Su Joya\",\"url\":\"https:\/\/sujoya.es\/\",\"logo\":{\"@type\":\"ImageObject\",\"inLanguage\":\"en-GB\",\"@id\":\"https:\/\/sujoya.es\/#\/schema\/logo\/image\/\",\"url\":\"https:\/\/sujoya.es\/wp-content\/uploads\/2023\/11\/logotipo_web.png\",\"contentUrl\":\"https:\/\/sujoya.es\/wp-content\/uploads\/2023\/11\/logotipo_web.png\",\"width\":1185,\"height\":339,\"caption\":\"Joyeria Su Joya\"},\"image\":{\"@id\":\"https:\/\/sujoya.es\/#\/schema\/logo\/image\/\"}}]}<\/script>\n<!-- \/ Yoast SEO plugin. -->","yoast_head_json":{"title":"Viceroy Steel and Leather Bracelet","description":"- Pulsera Viceroy Acero y Cuero - Joyeria Sujoya en Valladolid","robots":{"index":"index","follow":"follow","max-snippet":"max-snippet:-1","max-image-preview":"max-image-preview:large","max-video-preview":"max-video-preview:-1"},"canonical":"https:\/\/sujoya.es\/en\/product\/pulsera-viceroy-acero-y-cuero\/","og_locale":"en_GB","og_type":"article","og_title":"Pulsera Viceroy Acero y Cuero","og_description":"- Pulsera Viceroy Acero y Cuero - Joyeria Sujoya en Valladolid","og_url":"https:\/\/sujoya.es\/en\/product\/pulsera-viceroy-acero-y-cuero\/","og_site_name":"Joyeria Sujoya","article_modified_time":"2024-04-18T07:30:34+00:00","og_image":[{"width":1440,"height":1920,"url":"https:\/\/sujoya.es\/wp-content\/uploads\/2024\/04\/PULSERA-VICEROY-ACERO-Y-CUERO-39.00E.png","type":"image\/png"}],"twitter_card":"summary_large_image","schema":{"@context":"https:\/\/schema.org","@graph":[{"@type":"WebPage","@id":"https:\/\/sujoya.es\/producto\/pulsera-viceroy-acero-y-cuero\/","url":"https:\/\/sujoya.es\/producto\/pulsera-viceroy-acero-y-cuero\/","name":"Viceroy Steel and Leather Bracelet","isPartOf":{"@id":"https:\/\/sujoya.es\/#website"},"primaryImageOfPage":{"@id":"https:\/\/sujoya.es\/producto\/pulsera-viceroy-acero-y-cuero\/#primaryimage"},"image":{"@id":"https:\/\/sujoya.es\/producto\/pulsera-viceroy-acero-y-cuero\/#primaryimage"},"thumbnailUrl":"https:\/\/sujoya.es\/wp-content\/uploads\/2024\/04\/PULSERA-VICEROY-ACERO-Y-CUERO-39.00E.png","datePublished":"2024-04-15T08:08:25+00:00","dateModified":"2024-04-18T07:30:34+00:00","description":"- Pulsera Viceroy Acero y Cuero - Joyeria Sujoya en Valladolid","breadcrumb":{"@id":"https:\/\/sujoya.es\/producto\/pulsera-viceroy-acero-y-cuero\/#breadcrumb"},"inLanguage":"en-GB","potentialAction":[{"@type":"ReadAction","target":["https:\/\/sujoya.es\/producto\/pulsera-viceroy-acero-y-cuero\/"]}]},{"@type":"ImageObject","inLanguage":"en-GB","@id":"https:\/\/sujoya.es\/producto\/pulsera-viceroy-acero-y-cuero\/#primaryimage","url":"https:\/\/sujoya.es\/wp-content\/uploads\/2024\/04\/PULSERA-VICEROY-ACERO-Y-CUERO-39.00E.png","contentUrl":"https:\/\/sujoya.es\/wp-content\/uploads\/2024\/04\/PULSERA-VICEROY-ACERO-Y-CUERO-39.00E.png","width":1440,"height":1920},{"@type":"BreadcrumbList","@id":"https:\/\/sujoya.es\/producto\/pulsera-viceroy-acero-y-cuero\/#breadcrumb","itemListElement":[{"@type":"ListItem","position":1,"name":"Portada","item":"https:\/\/sujoya.es\/"},{"@type":"ListItem","position":2,"name":"Productos","item":"https:\/\/sujoya.es\/shop\/"},{"@type":"ListItem","position":3,"name":"Pulsera Viceroy Acero y Cuero"}]},{"@type":"WebSite","@id":"https:\/\/sujoya.es\/#website","url":"https:\/\/sujoya.es\/","name":"Joyeria Su Joya","description":"Sujoya Jewelry in Valladolid for over 20 years! \ud83d\udc8d\u2728 Discover our collections of watches, jewelry, wedding rings... #Joyer\u00edaValladolid","publisher":{"@id":"https:\/\/sujoya.es\/#organization"},"potentialAction":[{"@type":"SearchAction","target":{"@type":"EntryPoint","urlTemplate":"https:\/\/sujoya.es\/?s={search_term_string}"},"query-input":{"@type":"PropertyValueSpecification","valueRequired":true,"valueName":"search_term_string"}}],"inLanguage":"en-GB"},{"@type":"Organization","@id":"https:\/\/sujoya.es\/#organization","name":"Joyeria Su Joya","url":"https:\/\/sujoya.es\/","logo":{"@type":"ImageObject","inLanguage":"en-GB","@id":"https:\/\/sujoya.es\/#\/schema\/logo\/image\/","url":"https:\/\/sujoya.es\/wp-content\/uploads\/2023\/11\/logotipo_web.png","contentUrl":"https:\/\/sujoya.es\/wp-content\/uploads\/2023\/11\/logotipo_web.png","width":1185,"height":339,"caption":"Joyeria Su Joya"},"image":{"@id":"https:\/\/sujoya.es\/#\/schema\/logo\/image\/"}}]}},"_links":{"self":[{"href":"https:\/\/sujoya.es\/en\/wp-json\/wp\/v2\/product\/1057","targetHints":{"allow":["GET"]}}],"collection":[{"href":"https:\/\/sujoya.es\/en\/wp-json\/wp\/v2\/product"}],"about":[{"href":"https:\/\/sujoya.es\/en\/wp-json\/wp\/v2\/types\/product"}],"wp:featuredmedia":[{"embeddable":true,"href":"https:\/\/sujoya.es\/en\/wp-json\/wp\/v2\/media\/1058"}],"wp:attachment":[{"href":"https:\/\/sujoya.es\/en\/wp-json\/wp\/v2\/media?parent=1057"}],"wp:term":[{"taxonomy":"product_brand","embeddable":true,"href":"https:\/\/sujoya.es\/en\/wp-json\/wp\/v2\/product_brand?post=1057"},{"taxonomy":"product_cat","embeddable":true,"href":"https:\/\/sujoya.es\/en\/wp-json\/wp\/v2\/product_cat?post=1057"},{"taxonomy":"product_tag","embeddable":true,"href":"https:\/\/sujoya.es\/en\/wp-json\/wp\/v2\/product_tag?post=1057"}],"curies":[{"name":"wp","href":"https:\/\/api.w.org\/{rel}","templated":true}]}}