{"id":670,"date":"2024-03-04T18:07:48","date_gmt":"2024-03-04T18:07:48","guid":{"rendered":"https:\/\/sujoya.es\/?page_id=670"},"modified":"2024-03-04T19:19:37","modified_gmt":"2024-03-04T19:19:37","slug":"pendientes","status":"publish","type":"page","link":"https:\/\/sujoya.es\/en\/pendientes\/","title":{"rendered":"Earrings"},"content":{"rendered":"<div data-elementor-type=\"wp-page\" data-elementor-id=\"670\" class=\"elementor elementor-670\" data-elementor-post-type=\"page\">\n\t\t\t\t<div class=\"elementor-element elementor-element-ab4d6c8 e-con-full e-flex e-con e-parent\" data-id=\"ab4d6c8\" data-element_type=\"container\" data-settings=\"{&quot;background_background&quot;:&quot;classic&quot;}\">\n\t\t<div class=\"elementor-element elementor-element-737f73b e-con-full e-flex e-con e-child\" data-id=\"737f73b\" data-element_type=\"container\" data-settings=\"{&quot;background_background&quot;:&quot;classic&quot;}\">\n\t\t\t\t<div class=\"elementor-element elementor-element-76eb5f5 elementor--h-position-center elementor--v-position-middle elementor-widget elementor-widget-slides\" data-id=\"76eb5f5\" data-element_type=\"widget\" data-settings=\"{&quot;navigation&quot;:&quot;none&quot;,&quot;autoplay&quot;:&quot;yes&quot;,&quot;pause_on_hover&quot;:&quot;yes&quot;,&quot;pause_on_interaction&quot;:&quot;yes&quot;,&quot;autoplay_speed&quot;:5000,&quot;infinite&quot;:&quot;yes&quot;,&quot;transition&quot;:&quot;slide&quot;,&quot;transition_speed&quot;:500}\" data-widget_type=\"slides.default\">\n\t\t\t\t<div class=\"elementor-widget-container\">\n\t\t\t\t\t\t\t\t\t<div class=\"elementor-swiper\">\n\t\t\t\t\t<div class=\"elementor-slides-wrapper elementor-main-swiper swiper\" role=\"region\" aria-roledescription=\"carousel\" aria-label=\"Slides\" dir=\"ltr\" data-animation=\"fadeInLeft\">\n\t\t\t\t<div class=\"swiper-wrapper elementor-slides\">\n\t\t\t\t\t\t\t\t\t\t<div class=\"elementor-repeater-item-4d20c16 swiper-slide\" role=\"group\" aria-roledescription=\"slide\"><div class=\"swiper-slide-bg\" role=\"img\"><\/div><a class=\"swiper-slide-inner\" href=\"https:\/\/sujoya.es\/en\/tienda\/\"><div class=\"swiper-slide-contents\"><div class=\"elementor-slide-heading\">Discover the Elegance that Complements Your Style\u200b<\/div><div  class=\"elementor-button elementor-slide-button elementor-size-sm\">Explore Our Collection! <\/div><\/div><\/a><\/div><div class=\"elementor-repeater-item-c3eb033 swiper-slide\" role=\"group\" aria-roledescription=\"slide\"><div class=\"swiper-slide-bg\" role=\"img\"><\/div><a class=\"swiper-slide-inner\" href=\"https:\/\/sujoya.es\/en\/product-category\/relojes\/\"><div class=\"swiper-slide-contents\"><div class=\"elementor-slide-heading\">Explore Our Collection of Men&#039;s Watches and Elevate your Elegance<\/div><div  class=\"elementor-button elementor-slide-button elementor-size-sm\">Discover Now!<\/div><\/div><\/a><\/div><div class=\"elementor-repeater-item-144216a swiper-slide\" role=\"group\" aria-roledescription=\"slide\"><div class=\"swiper-slide-bg\" role=\"img\"><\/div><a class=\"swiper-slide-inner\" href=\"https:\/\/sujoya.es\/en\/product-category\/alianzas\/\"><div class=\"swiper-slide-contents\"><div class=\"elementor-slide-heading\">Discover Our Collection of Wedding Rings and Find the Perfect Expression of Your Love<\/div><div  class=\"elementor-button elementor-slide-button elementor-size-sm\">Explore Our Alliances!! <\/div><\/div><\/a><\/div>\t\t\t\t<\/div>\n\t\t\t\t\t\t\t\t\t\t\t\t\t\t\t\t\t\t\t\t\t<\/div>\n\t\t\t\t<\/div>\n\t\t\t\t\t\t\t\t<\/div>\n\t\t\t\t<\/div>\n\t\t\t\t<\/div>\n\t\t\t\t<\/div>\n\t\t<div class=\"elementor-element elementor-element-1be303d e-flex e-con-boxed e-con e-parent\" data-id=\"1be303d\" data-element_type=\"container\">\n\t\t\t\t\t<div class=\"e-con-inner\">\n\t\t\t\t<div class=\"elementor-element elementor-element-635a303 elementor-widget elementor-widget-heading\" data-id=\"635a303\" data-element_type=\"widget\" data-widget_type=\"heading.default\">\n\t\t\t\t<div class=\"elementor-widget-container\">\n\t\t\t\t\t<h2 class=\"elementor-heading-title elementor-size-default\">Store<\/h2>\t\t\t\t<\/div>\n\t\t\t\t<\/div>\n\t\t<div class=\"elementor-element elementor-element-5734e1e7 e-flex e-con-boxed e-con e-child\" data-id=\"5734e1e7\" data-element_type=\"container\">\n\t\t\t\t\t<div class=\"e-con-inner\">\n\t\t\t\t<div class=\"elementor-element elementor-element-c1e701e elementor-position-top elementor-widget elementor-widget-image-box\" data-id=\"c1e701e\" data-element_type=\"widget\" data-widget_type=\"image-box.default\">\n\t\t\t\t<div class=\"elementor-widget-container\">\n\t\t\t\t\t<div class=\"elementor-image-box-wrapper\"><figure class=\"elementor-image-box-img\"><a href=\"https:\/\/sujoya.es\/en\/pendientes\/\" tabindex=\"-1\"><img decoding=\"async\" width=\"100\" height=\"98\" src=\"https:\/\/sujoya.es\/wp-content\/uploads\/2024\/01\/image-3-1.png\" class=\"attachment-full size-full wp-image-666\" alt=\"\" \/><\/a><\/figure><div class=\"elementor-image-box-content\"><h3 class=\"elementor-image-box-title\"><a href=\"https:\/\/sujoya.es\/en\/pendientes\/\">EARRINGS<\/a><\/h3><\/div><\/div>\t\t\t\t<\/div>\n\t\t\t\t<\/div>\n\t\t\t\t<div class=\"elementor-element elementor-element-12f2de81 elementor-position-top elementor-widget elementor-widget-image-box\" data-id=\"12f2de81\" data-element_type=\"widget\" data-widget_type=\"image-box.default\">\n\t\t\t\t<div class=\"elementor-widget-container\">\n\t\t\t\t\t<div class=\"elementor-image-box-wrapper\"><figure class=\"elementor-image-box-img\"><a href=\"https:\/\/sujoya.es\/en\/sortijas\/\" tabindex=\"-1\"><img decoding=\"async\" width=\"77\" height=\"98\" src=\"https:\/\/sujoya.es\/wp-content\/uploads\/2024\/01\/image-5-2.png\" class=\"attachment-full size-full wp-image-664\" alt=\"\" \/><\/a><\/figure><div class=\"elementor-image-box-content\"><h3 class=\"elementor-image-box-title\"><a href=\"https:\/\/sujoya.es\/en\/sortijas\/\">RINGS<\/a><\/h3><\/div><\/div>\t\t\t\t<\/div>\n\t\t\t\t<\/div>\n\t\t\t\t<div class=\"elementor-element elementor-element-32341296 elementor-position-top elementor-widget elementor-widget-image-box\" data-id=\"32341296\" data-element_type=\"widget\" data-widget_type=\"image-box.default\">\n\t\t\t\t<div class=\"elementor-widget-container\">\n\t\t\t\t\t<div class=\"elementor-image-box-wrapper\"><figure class=\"elementor-image-box-img\"><a href=\"https:\/\/sujoya.es\/en\/pulseras\/\" tabindex=\"-1\"><img decoding=\"async\" width=\"104\" height=\"42\" src=\"https:\/\/sujoya.es\/wp-content\/uploads\/2024\/01\/image-4-1.png\" class=\"attachment-full size-full wp-image-665\" alt=\"\" \/><\/a><\/figure><div class=\"elementor-image-box-content\"><h3 class=\"elementor-image-box-title\"><a href=\"https:\/\/sujoya.es\/en\/pulseras\/\">BRACELETS<\/a><\/h3><\/div><\/div>\t\t\t\t<\/div>\n\t\t\t\t<\/div>\n\t\t\t\t<div class=\"elementor-element elementor-element-1722a9e elementor-position-top elementor-widget elementor-widget-image-box\" data-id=\"1722a9e\" data-element_type=\"widget\" data-widget_type=\"image-box.default\">\n\t\t\t\t<div class=\"elementor-widget-container\">\n\t\t\t\t\t<div class=\"elementor-image-box-wrapper\"><figure class=\"elementor-image-box-img\"><a href=\"https:\/\/sujoya.es\/en\/colgantes\/\" tabindex=\"-1\"><img loading=\"lazy\" decoding=\"async\" width=\"137\" height=\"69\" src=\"https:\/\/sujoya.es\/wp-content\/uploads\/2024\/01\/image-2-2.png\" class=\"attachment-full size-full wp-image-667\" alt=\"\" \/><\/a><\/figure><div class=\"elementor-image-box-content\"><h3 class=\"elementor-image-box-title\"><a href=\"https:\/\/sujoya.es\/en\/colgantes\/\">PENDANTS<\/a><\/h3><\/div><\/div>\t\t\t\t<\/div>\n\t\t\t\t<\/div>\n\t\t\t\t<div class=\"elementor-element elementor-element-78ce65b0 elementor-position-top elementor-widget elementor-widget-image-box\" data-id=\"78ce65b0\" data-element_type=\"widget\" data-widget_type=\"image-box.default\">\n\t\t\t\t<div class=\"elementor-widget-container\">\n\t\t\t\t\t<div class=\"elementor-image-box-wrapper\"><figure class=\"elementor-image-box-img\"><a href=\"https:\/\/sujoya.es\/en\/product-category\/relojes\/\" tabindex=\"-1\"><img decoding=\"async\" width=\"100\" height=\"98\" src=\"https:\/\/sujoya.es\/wp-content\/uploads\/2024\/01\/image-3-1.png\" class=\"attachment-full size-full wp-image-666\" alt=\"\" \/><\/a><\/figure><div class=\"elementor-image-box-content\"><h3 class=\"elementor-image-box-title\"><a href=\"https:\/\/sujoya.es\/en\/product-category\/relojes\/\">WATCHES<\/a><\/h3><\/div><\/div>\t\t\t\t<\/div>\n\t\t\t\t<\/div>\n\t\t\t\t<div class=\"elementor-element elementor-element-39d9a5ce elementor-position-top elementor-widget elementor-widget-image-box\" data-id=\"39d9a5ce\" data-element_type=\"widget\" data-widget_type=\"image-box.default\">\n\t\t\t\t<div class=\"elementor-widget-container\">\n\t\t\t\t\t<div class=\"elementor-image-box-wrapper\"><figure class=\"elementor-image-box-img\"><a href=\"https:\/\/sujoya.es\/en\/otros\/\" tabindex=\"-1\"><img decoding=\"async\" width=\"100\" height=\"98\" src=\"https:\/\/sujoya.es\/wp-content\/uploads\/2024\/01\/image-3-1.png\" class=\"attachment-full size-full wp-image-666\" alt=\"\" \/><\/a><\/figure><div class=\"elementor-image-box-content\"><h3 class=\"elementor-image-box-title\"><a href=\"https:\/\/sujoya.es\/en\/otros\/\">OTHERS<\/a><\/h3><\/div><\/div>\t\t\t\t<\/div>\n\t\t\t\t<\/div>\n\t\t\t\t\t<\/div>\n\t\t\t\t<\/div>\n\t\t\t\t\t<\/div>\n\t\t\t\t<\/div>\n\t\t<div class=\"elementor-element elementor-element-c42c02e e-flex e-con-boxed e-con e-parent\" data-id=\"c42c02e\" data-element_type=\"container\">\n\t\t\t\t\t<div class=\"e-con-inner\">\n\t\t\t\t<div class=\"elementor-element elementor-element-01ac7c3 elementor-widget elementor-widget-woocommerce-breadcrumb\" data-id=\"01ac7c3\" data-element_type=\"widget\" data-widget_type=\"woocommerce-breadcrumb.default\">\n\t\t\t\t<div class=\"elementor-widget-container\">\n\t\t\t\t\t<nav class=\"woocommerce-breadcrumb\" aria-label=\"Breadcrumb\" data-no-translation=\"\" data-trp-gettext=\"\">Home<\/nav>\t\t\t\t<\/div>\n\t\t\t\t<\/div>\n\t\t\t\t\t<\/div>\n\t\t\t\t<\/div>\n\t\t\t\t<\/div>","protected":false},"excerpt":{"rendered":"<p>Discover the Elegance that Complements Your Style Explore Our Collection! Explore Our Collection of Men&#039;s Watches and Elevate your EleganceDiscover Now!Discover Our Collection of Wedding Bands and Find the Perfect Expression of Your Love Explore Our Wedding Bands!! Shop EARRINGS RINGS BRACELETS PENDANTS WATCHES OTHERS<\/p>","protected":false},"author":1,"featured_media":0,"parent":0,"menu_order":0,"comment_status":"closed","ping_status":"closed","template":"","meta":{"footnotes":""},"class_list":["post-670","page","type-page","status-publish","hentry"],"yoast_head":"<!-- This site is optimized with the Yoast SEO plugin v26.8 - https:\/\/yoast.com\/product\/yoast-seo-wordpress\/ -->\n<title>Pendientes - Joyeria Sujoya<\/title>\n<meta name=\"robots\" content=\"index, follow, max-snippet:-1, max-image-preview:large, max-video-preview:-1\" \/>\n<link rel=\"canonical\" href=\"https:\/\/sujoya.es\/en\/pendientes\/\" \/>\n<meta property=\"og:locale\" content=\"en_GB\" \/>\n<meta property=\"og:type\" content=\"article\" \/>\n<meta property=\"og:title\" content=\"Pendientes - Joyeria Sujoya\" \/>\n<meta property=\"og:description\" content=\"Descubre la Elegancia que Complementa Tu Estilo\u200b\u00a1Explora Nuestra Colecci\u00f3n! Explora Nuestra Colecci\u00f3n de Relojes para Hombre y Eleva tu Elegancia\u00a1Descubre Ahora!Descubre Nuestra Colecci\u00f3n de Alianzas y Encuentra la Perfecta Expresi\u00f3n de Tu Amor \u200b\u00a1Explora Nuestras Alianzas!! Tienda PENDIENTES SORTIJAS PULSERAS COLGANTES RELOJES OTROS\" \/>\n<meta property=\"og:url\" content=\"https:\/\/sujoya.es\/en\/pendientes\/\" \/>\n<meta property=\"og:site_name\" content=\"Joyeria Sujoya\" \/>\n<meta property=\"article:modified_time\" content=\"2024-03-04T19:19:37+00:00\" \/>\n<meta property=\"og:image\" content=\"https:\/\/sujoya.es\/wp-content\/uploads\/2024\/01\/image-3-1.png\" \/>\n<meta name=\"twitter:card\" content=\"summary_large_image\" \/>\n<script type=\"application\/ld+json\" class=\"yoast-schema-graph\">{\"@context\":\"https:\/\/schema.org\",\"@graph\":[{\"@type\":\"WebPage\",\"@id\":\"https:\/\/sujoya.es\/pendientes\/\",\"url\":\"https:\/\/sujoya.es\/pendientes\/\",\"name\":\"Pendientes - Joyeria Sujoya\",\"isPartOf\":{\"@id\":\"https:\/\/sujoya.es\/#website\"},\"primaryImageOfPage\":{\"@id\":\"https:\/\/sujoya.es\/pendientes\/#primaryimage\"},\"image\":{\"@id\":\"https:\/\/sujoya.es\/pendientes\/#primaryimage\"},\"thumbnailUrl\":\"https:\/\/sujoya.es\/wp-content\/uploads\/2024\/01\/image-3-1.png\",\"datePublished\":\"2024-03-04T18:07:48+00:00\",\"dateModified\":\"2024-03-04T19:19:37+00:00\",\"breadcrumb\":{\"@id\":\"https:\/\/sujoya.es\/pendientes\/#breadcrumb\"},\"inLanguage\":\"en-GB\",\"potentialAction\":[{\"@type\":\"ReadAction\",\"target\":[\"https:\/\/sujoya.es\/pendientes\/\"]}]},{\"@type\":\"ImageObject\",\"inLanguage\":\"en-GB\",\"@id\":\"https:\/\/sujoya.es\/pendientes\/#primaryimage\",\"url\":\"https:\/\/sujoya.es\/wp-content\/uploads\/2024\/01\/image-3-1.png\",\"contentUrl\":\"https:\/\/sujoya.es\/wp-content\/uploads\/2024\/01\/image-3-1.png\"},{\"@type\":\"BreadcrumbList\",\"@id\":\"https:\/\/sujoya.es\/pendientes\/#breadcrumb\",\"itemListElement\":[{\"@type\":\"ListItem\",\"position\":1,\"name\":\"Portada\",\"item\":\"https:\/\/sujoya.es\/\"},{\"@type\":\"ListItem\",\"position\":2,\"name\":\"Pendientes\"}]},{\"@type\":\"WebSite\",\"@id\":\"https:\/\/sujoya.es\/#website\",\"url\":\"https:\/\/sujoya.es\/\",\"name\":\"Joyeria Su Joya\",\"description\":\"\u00a1Joyer\u00eda Sujoya en Valladolid desde hace m\u00e1s de 20 a\u00f1os! \ud83d\udc8d\u2728 Descubre nuestras colecciones de relojes, joyas, alianzas... #Joyer\u00edaValladolid\",\"publisher\":{\"@id\":\"https:\/\/sujoya.es\/#organization\"},\"potentialAction\":[{\"@type\":\"SearchAction\",\"target\":{\"@type\":\"EntryPoint\",\"urlTemplate\":\"https:\/\/sujoya.es\/?s={search_term_string}\"},\"query-input\":{\"@type\":\"PropertyValueSpecification\",\"valueRequired\":true,\"valueName\":\"search_term_string\"}}],\"inLanguage\":\"en-GB\"},{\"@type\":\"Organization\",\"@id\":\"https:\/\/sujoya.es\/#organization\",\"name\":\"Joyeria Su Joya\",\"url\":\"https:\/\/sujoya.es\/\",\"logo\":{\"@type\":\"ImageObject\",\"inLanguage\":\"en-GB\",\"@id\":\"https:\/\/sujoya.es\/#\/schema\/logo\/image\/\",\"url\":\"https:\/\/sujoya.es\/wp-content\/uploads\/2023\/11\/logotipo_web.png\",\"contentUrl\":\"https:\/\/sujoya.es\/wp-content\/uploads\/2023\/11\/logotipo_web.png\",\"width\":1185,\"height\":339,\"caption\":\"Joyeria Su Joya\"},\"image\":{\"@id\":\"https:\/\/sujoya.es\/#\/schema\/logo\/image\/\"}}]}<\/script>\n<!-- \/ Yoast SEO plugin. -->","yoast_head_json":{"title":"Pendientes - Joyeria Sujoya","robots":{"index":"index","follow":"follow","max-snippet":"max-snippet:-1","max-image-preview":"max-image-preview:large","max-video-preview":"max-video-preview:-1"},"canonical":"https:\/\/sujoya.es\/en\/pendientes\/","og_locale":"en_GB","og_type":"article","og_title":"Pendientes - Joyeria Sujoya","og_description":"Descubre la Elegancia que Complementa Tu Estilo\u200b\u00a1Explora Nuestra Colecci\u00f3n! Explora Nuestra Colecci\u00f3n de Relojes para Hombre y Eleva tu Elegancia\u00a1Descubre Ahora!Descubre Nuestra Colecci\u00f3n de Alianzas y Encuentra la Perfecta Expresi\u00f3n de Tu Amor \u200b\u00a1Explora Nuestras Alianzas!! Tienda PENDIENTES SORTIJAS PULSERAS COLGANTES RELOJES OTROS","og_url":"https:\/\/sujoya.es\/en\/pendientes\/","og_site_name":"Joyeria Sujoya","article_modified_time":"2024-03-04T19:19:37+00:00","og_image":[{"url":"https:\/\/sujoya.es\/wp-content\/uploads\/2024\/01\/image-3-1.png","type":"","width":"","height":""}],"twitter_card":"summary_large_image","schema":{"@context":"https:\/\/schema.org","@graph":[{"@type":"WebPage","@id":"https:\/\/sujoya.es\/pendientes\/","url":"https:\/\/sujoya.es\/pendientes\/","name":"Pendientes - Joyeria Sujoya","isPartOf":{"@id":"https:\/\/sujoya.es\/#website"},"primaryImageOfPage":{"@id":"https:\/\/sujoya.es\/pendientes\/#primaryimage"},"image":{"@id":"https:\/\/sujoya.es\/pendientes\/#primaryimage"},"thumbnailUrl":"https:\/\/sujoya.es\/wp-content\/uploads\/2024\/01\/image-3-1.png","datePublished":"2024-03-04T18:07:48+00:00","dateModified":"2024-03-04T19:19:37+00:00","breadcrumb":{"@id":"https:\/\/sujoya.es\/pendientes\/#breadcrumb"},"inLanguage":"en-GB","potentialAction":[{"@type":"ReadAction","target":["https:\/\/sujoya.es\/pendientes\/"]}]},{"@type":"ImageObject","inLanguage":"en-GB","@id":"https:\/\/sujoya.es\/pendientes\/#primaryimage","url":"https:\/\/sujoya.es\/wp-content\/uploads\/2024\/01\/image-3-1.png","contentUrl":"https:\/\/sujoya.es\/wp-content\/uploads\/2024\/01\/image-3-1.png"},{"@type":"BreadcrumbList","@id":"https:\/\/sujoya.es\/pendientes\/#breadcrumb","itemListElement":[{"@type":"ListItem","position":1,"name":"Portada","item":"https:\/\/sujoya.es\/"},{"@type":"ListItem","position":2,"name":"Pendientes"}]},{"@type":"WebSite","@id":"https:\/\/sujoya.es\/#website","url":"https:\/\/sujoya.es\/","name":"Joyeria Su Joya","description":"Sujoya Jewelry in Valladolid for over 20 years! \ud83d\udc8d\u2728 Discover our collections of watches, jewelry, wedding rings... #Joyer\u00edaValladolid","publisher":{"@id":"https:\/\/sujoya.es\/#organization"},"potentialAction":[{"@type":"SearchAction","target":{"@type":"EntryPoint","urlTemplate":"https:\/\/sujoya.es\/?s={search_term_string}"},"query-input":{"@type":"PropertyValueSpecification","valueRequired":true,"valueName":"search_term_string"}}],"inLanguage":"en-GB"},{"@type":"Organization","@id":"https:\/\/sujoya.es\/#organization","name":"Joyeria Su Joya","url":"https:\/\/sujoya.es\/","logo":{"@type":"ImageObject","inLanguage":"en-GB","@id":"https:\/\/sujoya.es\/#\/schema\/logo\/image\/","url":"https:\/\/sujoya.es\/wp-content\/uploads\/2023\/11\/logotipo_web.png","contentUrl":"https:\/\/sujoya.es\/wp-content\/uploads\/2023\/11\/logotipo_web.png","width":1185,"height":339,"caption":"Joyeria Su Joya"},"image":{"@id":"https:\/\/sujoya.es\/#\/schema\/logo\/image\/"}}]}},"_links":{"self":[{"href":"https:\/\/sujoya.es\/en\/wp-json\/wp\/v2\/pages\/670","targetHints":{"allow":["GET"]}}],"collection":[{"href":"https:\/\/sujoya.es\/en\/wp-json\/wp\/v2\/pages"}],"about":[{"href":"https:\/\/sujoya.es\/en\/wp-json\/wp\/v2\/types\/page"}],"author":[{"embeddable":true,"href":"https:\/\/sujoya.es\/en\/wp-json\/wp\/v2\/users\/1"}],"replies":[{"embeddable":true,"href":"https:\/\/sujoya.es\/en\/wp-json\/wp\/v2\/comments?post=670"}],"version-history":[{"count":2,"href":"https:\/\/sujoya.es\/en\/wp-json\/wp\/v2\/pages\/670\/revisions"}],"predecessor-version":[{"id":757,"href":"https:\/\/sujoya.es\/en\/wp-json\/wp\/v2\/pages\/670\/revisions\/757"}],"wp:attachment":[{"href":"https:\/\/sujoya.es\/en\/wp-json\/wp\/v2\/media?parent=670"}],"curies":[{"name":"wp","href":"https:\/\/api.w.org\/{rel}","templated":true}]}}