{"id":515,"date":"2024-01-16T19:25:14","date_gmt":"2024-01-16T19:25:14","guid":{"rendered":"https:\/\/sujoya.es\/?page_id=515"},"modified":"2026-02-25T15:08:13","modified_gmt":"2026-02-25T13:08:13","slug":"contacto","status":"publish","type":"page","link":"https:\/\/sujoya.es\/en\/contacto\/","title":{"rendered":"Contact"},"content":{"rendered":"\t\t<div data-elementor-type=\"wp-page\" data-elementor-id=\"515\" class=\"elementor elementor-515\" data-elementor-post-type=\"page\">\n\t\t\t\t<div class=\"elementor-element elementor-element-345a849 e-con-full e-flex e-con e-parent\" data-id=\"345a849\" data-element_type=\"container\">\n\t\t\t\t<div class=\"elementor-element elementor-element-ebfe27c elementor-widget elementor-widget-n-carousel\" data-id=\"ebfe27c\" data-element_type=\"widget\" data-settings=\"{&quot;carousel_items&quot;:[{&quot;slide_title&quot;:&quot;Diapositiva n\\u00ba 1&quot;,&quot;_id&quot;:&quot;fb8518b&quot;},{&quot;slide_title&quot;:&quot;Diapositiva n\\u00ba 2&quot;,&quot;_id&quot;:&quot;caa2be4&quot;},{&quot;slide_title&quot;:&quot;Diapositiva n\\u00ba 3&quot;,&quot;_id&quot;:&quot;a2b6c84&quot;}],&quot;slides_to_show&quot;:&quot;1&quot;,&quot;slides_to_scroll&quot;:&quot;1&quot;,&quot;slides_to_show_tablet&quot;:&quot;2&quot;,&quot;slides_to_show_mobile&quot;:&quot;1&quot;,&quot;autoplay&quot;:&quot;yes&quot;,&quot;autoplay_speed&quot;:5000,&quot;pause_on_hover&quot;:&quot;yes&quot;,&quot;pause_on_interaction&quot;:&quot;yes&quot;,&quot;infinite&quot;:&quot;yes&quot;,&quot;speed&quot;:500,&quot;offset_sides&quot;:&quot;none&quot;,&quot;image_spacing_custom&quot;:{&quot;unit&quot;:&quot;px&quot;,&quot;size&quot;:10,&quot;sizes&quot;:[]},&quot;image_spacing_custom_tablet&quot;:{&quot;unit&quot;:&quot;px&quot;,&quot;size&quot;:&quot;&quot;,&quot;sizes&quot;:[]},&quot;image_spacing_custom_mobile&quot;:{&quot;unit&quot;:&quot;px&quot;,&quot;size&quot;:&quot;&quot;,&quot;sizes&quot;:[]}}\" data-widget_type=\"nested-carousel.default\">\n\t\t\t\t<div class=\"elementor-widget-container\">\n\t\t\t\t\t\t\t<div class=\"e-n-carousel swiper\" role=\"region\" aria-roledescription=\"carousel\" aria-label=\"Carrusel\" dir=\"ltr\">\n\t\t\t<div class=\"swiper-wrapper\" aria-live=\"off\">\n\t\t\t\t\t\t\t\t\t\t<div class=\"swiper-slide\" data-slide=\"1\" role=\"group\" aria-roledescription=\"slide\" aria-label=\"1 of 3\">\n\t\t\t\t\t\t\t<div class=\"elementor-element elementor-element-bfd2cac e-con-full e-flex e-con e-child\" data-id=\"bfd2cac\" data-element_type=\"container\" data-settings=\"{&quot;background_background&quot;:&quot;classic&quot;}\">\n\t\t<div class=\"elementor-element elementor-element-8ac54fb e-con-full e-flex e-con e-child\" data-id=\"8ac54fb\" data-element_type=\"container\" data-settings=\"{&quot;background_background&quot;:&quot;classic&quot;}\">\n\t\t\t\t<div class=\"elementor-element elementor-element-d3558dc elementor-widget elementor-widget-heading\" data-id=\"d3558dc\" data-element_type=\"widget\" data-widget_type=\"heading.default\">\n\t\t\t\t<div class=\"elementor-widget-container\">\n\t\t\t\t\t<h2 class=\"elementor-heading-title elementor-size-default\">Descubre la Elegancia que Complementa Tu Estilo<\/h2>\t\t\t\t<\/div>\n\t\t\t\t<\/div>\n\t\t\t\t<div class=\"elementor-element elementor-element-30e966d elementor-align-center elementor-widget elementor-widget-button\" data-id=\"30e966d\" data-element_type=\"widget\" data-widget_type=\"button.default\">\n\t\t\t\t<div class=\"elementor-widget-container\">\n\t\t\t\t\t\t\t\t\t<div class=\"elementor-button-wrapper\">\n\t\t\t\t\t<a class=\"elementor-button elementor-button-link elementor-size-sm\" href=\"https:\/\/sujoya.es\/en\/tienda\/\">\n\t\t\t\t\t\t<span class=\"elementor-button-content-wrapper\">\n\t\t\t\t\t\t\t\t\t<span class=\"elementor-button-text\">\u00a1Explora Nuestra Colecci\u00f3n! <\/span>\n\t\t\t\t\t<\/span>\n\t\t\t\t\t<\/a>\n\t\t\t\t<\/div>\n\t\t\t\t\t\t\t\t<\/div>\n\t\t\t\t<\/div>\n\t\t\t\t<\/div>\n\t\t\t\t<\/div>\n\t\t\t\t\t\t\t\t<\/div>\n\t\t\t\t\t\t\t\t\t\t\t<div class=\"swiper-slide\" data-slide=\"2\" role=\"group\" aria-roledescription=\"slide\" aria-label=\"2 of 3\">\n\t\t\t\t\t\t\t<div class=\"elementor-element elementor-element-4b731f5 e-con-full e-flex e-con e-child\" data-id=\"4b731f5\" data-element_type=\"container\" data-settings=\"{&quot;background_background&quot;:&quot;classic&quot;}\">\n\t\t<div class=\"elementor-element elementor-element-d3d83d5 e-con-full e-flex e-con e-child\" data-id=\"d3d83d5\" data-element_type=\"container\" data-settings=\"{&quot;background_background&quot;:&quot;classic&quot;}\">\n\t\t\t\t<div class=\"elementor-element elementor-element-3e120d4 elementor-widget elementor-widget-heading\" data-id=\"3e120d4\" data-element_type=\"widget\" data-widget_type=\"heading.default\">\n\t\t\t\t<div class=\"elementor-widget-container\">\n\t\t\t\t\t<h2 class=\"elementor-heading-title elementor-size-default\">Explora Nuestra Colecci\u00f3n de Relojes para Hombre y Eleva tu Elegancia<\/h2>\t\t\t\t<\/div>\n\t\t\t\t<\/div>\n\t\t\t\t<div class=\"elementor-element elementor-element-b81320a elementor-align-center elementor-widget elementor-widget-button\" data-id=\"b81320a\" data-element_type=\"widget\" data-widget_type=\"button.default\">\n\t\t\t\t<div class=\"elementor-widget-container\">\n\t\t\t\t\t\t\t\t\t<div class=\"elementor-button-wrapper\">\n\t\t\t\t\t<a class=\"elementor-button elementor-button-link elementor-size-sm\" href=\"https:\/\/sujoya.es\/en\/product-category\/relojes\/\">\n\t\t\t\t\t\t<span class=\"elementor-button-content-wrapper\">\n\t\t\t\t\t\t\t\t\t<span class=\"elementor-button-text\">\u00a1Descubre Ahora!<\/span>\n\t\t\t\t\t<\/span>\n\t\t\t\t\t<\/a>\n\t\t\t\t<\/div>\n\t\t\t\t\t\t\t\t<\/div>\n\t\t\t\t<\/div>\n\t\t\t\t<\/div>\n\t\t\t\t<\/div>\n\t\t\t\t\t\t\t\t<\/div>\n\t\t\t\t\t\t\t\t\t\t\t<div class=\"swiper-slide\" data-slide=\"3\" role=\"group\" aria-roledescription=\"slide\" aria-label=\"3 of 3\">\n\t\t\t\t\t\t\t<div class=\"elementor-element elementor-element-5e12fdb e-con-full e-flex e-con e-child\" data-id=\"5e12fdb\" data-element_type=\"container\" data-settings=\"{&quot;background_background&quot;:&quot;classic&quot;}\">\n\t\t<div class=\"elementor-element elementor-element-31f147a e-con-full e-flex e-con e-child\" data-id=\"31f147a\" data-element_type=\"container\" data-settings=\"{&quot;background_background&quot;:&quot;classic&quot;}\">\n\t\t\t\t<div class=\"elementor-element elementor-element-c610a75 elementor-widget elementor-widget-heading\" data-id=\"c610a75\" data-element_type=\"widget\" data-widget_type=\"heading.default\">\n\t\t\t\t<div class=\"elementor-widget-container\">\n\t\t\t\t\t<h2 class=\"elementor-heading-title elementor-size-default\">Descubre Nuestra Colecci\u00f3n de Alianzas y Encuentra la Perfecta Expresi\u00f3n de Tu Amor <\/h2>\t\t\t\t<\/div>\n\t\t\t\t<\/div>\n\t\t\t\t<div class=\"elementor-element elementor-element-3ce0039 elementor-align-center elementor-widget elementor-widget-button\" data-id=\"3ce0039\" data-element_type=\"widget\" data-widget_type=\"button.default\">\n\t\t\t\t<div class=\"elementor-widget-container\">\n\t\t\t\t\t\t\t\t\t<div class=\"elementor-button-wrapper\">\n\t\t\t\t\t<a class=\"elementor-button elementor-button-link elementor-size-sm\" href=\"https:\/\/sujoya.es\/en\/product-category\/relojes\/\">\n\t\t\t\t\t\t<span class=\"elementor-button-content-wrapper\">\n\t\t\t\t\t\t\t\t\t<span class=\"elementor-button-text\">\u00a1Explora Nuestras Alianzas!! <\/span>\n\t\t\t\t\t<\/span>\n\t\t\t\t\t<\/a>\n\t\t\t\t<\/div>\n\t\t\t\t\t\t\t\t<\/div>\n\t\t\t\t<\/div>\n\t\t\t\t<\/div>\n\t\t\t\t<\/div>\n\t\t\t\t\t\t\t\t<\/div>\n\t\t\t\t\t\t\t\t<\/div>\n\t\t<\/div>\n\t\t\t\t\t\t<\/div>\n\t\t\t\t<\/div>\n\t\t\t\t<\/div>\n\t\t<div class=\"elementor-element elementor-element-3dfd2c6f e-flex e-con-boxed e-con e-parent\" data-id=\"3dfd2c6f\" data-element_type=\"container\" id=\"contacto\">\n\t\t\t\t\t<div class=\"e-con-inner\">\n\t\t\t\t<div class=\"elementor-element elementor-element-667e8673 elementor-widget elementor-widget-heading\" data-id=\"667e8673\" data-element_type=\"widget\" data-widget_type=\"heading.default\">\n\t\t\t\t<div class=\"elementor-widget-container\">\n\t\t\t\t\t<h2 class=\"elementor-heading-title elementor-size-default\">CONTACTO<\/h2>\t\t\t\t<\/div>\n\t\t\t\t<\/div>\n\t\t\t\t<div class=\"elementor-element elementor-element-4e9c332b elementor-widget__width-initial elementor-widget elementor-widget-text-editor\" data-id=\"4e9c332b\" data-element_type=\"widget\" data-widget_type=\"text-editor.default\">\n\t\t\t\t<div class=\"elementor-widget-container\">\n\t\t\t\t\t\t\t\t\t<p><span class=\"TextRun SCXW229237838 BCX0\" lang=\"ES-ES\" xml:lang=\"ES-ES\" data-contrast=\"auto\"><span class=\"NormalTextRun SCXW229237838 BCX0\">Vende tu Oro en Valladolid con Nosotros: \u00a1Obt\u00e9n el Mejor Precio al Instante!<\/span><\/span><span class=\"EOP SCXW229237838 BCX0\" data-ccp-props=\"{&quot;201341983&quot;:0,&quot;335559739&quot;:160,&quot;335559740&quot;:259}\">\u00a0<\/span><\/p>\t\t\t\t\t\t\t\t<\/div>\n\t\t\t\t<\/div>\n\t\t\t\t<div class=\"elementor-element elementor-element-e3edf93 elementor-button-align-center elementor-widget__width-initial elementor-widget elementor-widget-form\" data-id=\"e3edf93\" data-element_type=\"widget\" data-settings=\"{&quot;step_next_label&quot;:&quot;Siguiente&quot;,&quot;step_previous_label&quot;:&quot;Anterior&quot;,&quot;button_width&quot;:&quot;100&quot;,&quot;step_type&quot;:&quot;number_text&quot;,&quot;step_icon_shape&quot;:&quot;circle&quot;}\" data-widget_type=\"form.default\">\n\t\t\t\t<div class=\"elementor-widget-container\">\n\t\t\t\t\t\t\t<form class=\"elementor-form\" method=\"post\" name=\"Formulario_contacto_contacto\">\n\t\t\t<input type=\"hidden\" name=\"post_id\" value=\"515\"\/>\n\t\t\t<input type=\"hidden\" name=\"form_id\" value=\"e3edf93\"\/>\n\t\t\t<input type=\"hidden\" name=\"referer_title\" value=\"Contacto - Joyeria Sujoya\" \/>\n\n\t\t\t\t\t\t\t<input type=\"hidden\" name=\"queried_id\" value=\"515\"\/>\n\t\t\t\n\t\t\t<div class=\"elementor-form-fields-wrapper elementor-labels-\">\n\t\t\t\t\t\t\t\t<div class=\"elementor-field-type-text elementor-field-group elementor-column elementor-field-group-name elementor-col-50 elementor-field-required\">\n\t\t\t\t\t\t\t\t\t\t\t\t<label for=\"form-field-name\" class=\"elementor-field-label elementor-screen-only\">\n\t\t\t\t\t\t\t\tNombre\t\t\t\t\t\t\t<\/label>\n\t\t\t\t\t\t\t\t\t\t\t\t\t\t<input size=\"1\" type=\"text\" name=\"form_fields[name]\" id=\"form-field-name\" class=\"elementor-field elementor-size-sm  elementor-field-textual\" placeholder=\"Nombre\" required=\"required\">\n\t\t\t\t\t\t\t\t\t\t\t<\/div>\n\t\t\t\t\t\t\t\t<div class=\"elementor-field-type-text elementor-field-group elementor-column elementor-field-group-field_448ebab elementor-col-50 elementor-field-required\">\n\t\t\t\t\t\t\t\t\t\t\t\t<label for=\"form-field-field_448ebab\" class=\"elementor-field-label elementor-screen-only\">\n\t\t\t\t\t\t\t\tApellidos\t\t\t\t\t\t\t<\/label>\n\t\t\t\t\t\t\t\t\t\t\t\t\t\t<input size=\"1\" type=\"text\" name=\"form_fields[field_448ebab]\" id=\"form-field-field_448ebab\" class=\"elementor-field elementor-size-sm  elementor-field-textual\" placeholder=\"Apellidos\" required=\"required\">\n\t\t\t\t\t\t\t\t\t\t\t<\/div>\n\t\t\t\t\t\t\t\t<div class=\"elementor-field-type-email elementor-field-group elementor-column elementor-field-group-email elementor-col-50 elementor-field-required\">\n\t\t\t\t\t\t\t\t\t\t\t\t<label for=\"form-field-email\" class=\"elementor-field-label elementor-screen-only\">\n\t\t\t\t\t\t\t\tEmail\t\t\t\t\t\t\t<\/label>\n\t\t\t\t\t\t\t\t\t\t\t\t\t\t<input size=\"1\" type=\"email\" name=\"form_fields[email]\" id=\"form-field-email\" class=\"elementor-field elementor-size-sm  elementor-field-textual\" placeholder=\"Email\" required=\"required\">\n\t\t\t\t\t\t\t\t\t\t\t<\/div>\n\t\t\t\t\t\t\t\t<div class=\"elementor-field-type-tel elementor-field-group elementor-column elementor-field-group-field_236944a elementor-col-50 elementor-field-required\">\n\t\t\t\t\t\t\t\t\t\t\t\t<label for=\"form-field-field_236944a\" class=\"elementor-field-label elementor-screen-only\">\n\t\t\t\t\t\t\t\tMovil\t\t\t\t\t\t\t<\/label>\n\t\t\t\t\t\t\t\t<input size=\"1\" type=\"tel\" name=\"form_fields[field_236944a]\" id=\"form-field-field_236944a\" class=\"elementor-field elementor-size-sm  elementor-field-textual\" placeholder=\"Movil\" required=\"required\" pattern=\"[0-9()#&amp;+*-=.]+\" title=\"Only numbers and phone characters (#, -, *, etc) are accepted.\">\n\n\t\t\t\t\t\t<\/div>\n\t\t\t\t\t\t\t\t<div class=\"elementor-field-type-textarea elementor-field-group elementor-column elementor-field-group-message elementor-col-100 elementor-field-required\">\n\t\t\t\t\t\t\t\t\t\t\t\t<label for=\"form-field-message\" class=\"elementor-field-label elementor-screen-only\">\n\t\t\t\t\t\t\t\tMensaje\t\t\t\t\t\t\t<\/label>\n\t\t\t\t\t\t<textarea class=\"elementor-field-textual elementor-field  elementor-size-sm\" name=\"form_fields[message]\" id=\"form-field-message\" rows=\"1\" placeholder=\"Mensaje\" required=\"required\"><\/textarea>\t\t\t\t<\/div>\n\t\t\t\t\t\t\t\t<div class=\"elementor-field-type-acceptance elementor-field-group elementor-column elementor-field-group-field_ff07725 elementor-col-100 elementor-field-required\">\n\t\t\t\t\t\t\t\t\t\t\t\t<label for=\"form-field-field_ff07725\" class=\"elementor-field-label elementor-screen-only\">\n\t\t\t\t\t\t\t\tAceptaci\u00f3n\t\t\t\t\t\t\t<\/label>\n\t\t\t\t\t\t\t\t<div class=\"elementor-field-subgroup\">\n\t\t\t<span class=\"elementor-field-option\">\n\t\t\t\t<input type=\"checkbox\" name=\"form_fields[field_ff07725]\" id=\"form-field-field_ff07725\" class=\"elementor-field elementor-size-sm  elementor-acceptance-field\" required=\"required\">\n\t\t\t\t<label for=\"form-field-field_ff07725\">He le\u00eddo y acepto la <a style=\"color:#807A6C;font-weight: bold;\"  href=\"https:\/\/sujoya.es\/politica-de-privacidad\/\" target=\"_blank\">pol\u00edtica de privacidad<a><\/a> <\/label>\t\t\t<\/span>\n\t\t<\/div>\n\t\t\t\t\t\t<\/div>\n\t\t\t\t\t\t\t\t<div class=\"elementor-field-type-recaptcha_v3 elementor-field-group elementor-column elementor-field-group-field_37b589f elementor-col-100 recaptcha_v3-bottomright\">\n\t\t\t\t\t<div class=\"elementor-field\" id=\"form-field-field_37b589f\"><div class=\"elementor-g-recaptcha\" data-sitekey=\"6LeW7o8pAAAAAPnYbj3vhV7ldSbSxLljVyo4NM8e\" data-type=\"v3\" data-action=\"Form\" data-badge=\"bottomright\" data-size=\"invisible\"><\/div><\/div>\t\t\t\t<\/div>\n\t\t\t\t\t\t\t\t<div class=\"elementor-field-group elementor-column elementor-field-type-submit elementor-col-100 e-form__buttons\">\n\t\t\t\t\t<button class=\"elementor-button elementor-size-sm\" type=\"submit\">\n\t\t\t\t\t\t<span class=\"elementor-button-content-wrapper\">\n\t\t\t\t\t\t\t\t\t\t\t\t\t\t\t\t\t\t\t\t\t\t<span class=\"elementor-button-text\">Enviar<\/span>\n\t\t\t\t\t\t\t\t\t\t\t\t\t<\/span>\n\t\t\t\t\t<\/button>\n\t\t\t\t<\/div>\n\t\t\t<\/div>\n\t\t<\/form>\n\t\t\t\t\t\t<\/div>\n\t\t\t\t<\/div>\n\t\t\t\t\t<\/div>\n\t\t\t\t<\/div>\n\t\t\t\t<\/div>\n\t\t","protected":false},"excerpt":{"rendered":"<p>Descubre la Elegancia que Complementa Tu Estilo \u00a1Explora Nuestra Colecci\u00f3n! Explora Nuestra Colecci\u00f3n de Relojes para Hombre y Eleva tu Elegancia \u00a1Descubre Ahora! Descubre Nuestra Colecci\u00f3n de Alianzas y Encuentra la Perfecta Expresi\u00f3n de Tu Amor \u00a1Explora Nuestras Alianzas!! Descubre la Elegancia que Complementa Tu Estilo \u00a1Explora Nuestra Colecci\u00f3n! Explora Nuestra Colecci\u00f3n de Relojes para [&hellip;]<\/p>\n","protected":false},"author":1,"featured_media":0,"parent":0,"menu_order":0,"comment_status":"closed","ping_status":"closed","template":"","meta":{"footnotes":""},"class_list":["post-515","page","type-page","status-publish","hentry"],"yoast_head":"<!-- This site is optimized with the Yoast SEO plugin v26.8 - https:\/\/yoast.com\/product\/yoast-seo-wordpress\/ -->\n<title>Contacto - Joyeria Sujoya<\/title>\n<meta name=\"robots\" content=\"index, follow, max-snippet:-1, max-image-preview:large, max-video-preview:-1\" \/>\n<link rel=\"canonical\" href=\"https:\/\/sujoya.es\/en\/contacto\/\" \/>\n<meta property=\"og:locale\" content=\"en_GB\" \/>\n<meta property=\"og:type\" content=\"article\" \/>\n<meta property=\"og:title\" content=\"Contacto - Joyeria Sujoya\" \/>\n<meta property=\"og:description\" content=\"Descubre la Elegancia que Complementa Tu Estilo \u00a1Explora Nuestra Colecci\u00f3n! Explora Nuestra Colecci\u00f3n de Relojes para Hombre y Eleva tu Elegancia \u00a1Descubre Ahora! Descubre Nuestra Colecci\u00f3n de Alianzas y Encuentra la Perfecta Expresi\u00f3n de Tu Amor \u00a1Explora Nuestras Alianzas!! Descubre la Elegancia que Complementa Tu Estilo \u00a1Explora Nuestra Colecci\u00f3n! Explora Nuestra Colecci\u00f3n de Relojes para [&hellip;]\" \/>\n<meta property=\"og:url\" content=\"https:\/\/sujoya.es\/en\/contacto\/\" \/>\n<meta property=\"og:site_name\" content=\"Joyeria Sujoya\" \/>\n<meta property=\"article:modified_time\" content=\"2026-02-25T13:08:13+00:00\" \/>\n<meta name=\"twitter:card\" content=\"summary_large_image\" \/>\n<meta name=\"twitter:label1\" content=\"Estimated reading time\" \/>\n\t<meta name=\"twitter:data1\" content=\"1 minute\" \/>\n<script type=\"application\/ld+json\" class=\"yoast-schema-graph\">{\"@context\":\"https:\/\/schema.org\",\"@graph\":[{\"@type\":\"WebPage\",\"@id\":\"https:\/\/sujoya.es\/contacto\/\",\"url\":\"https:\/\/sujoya.es\/contacto\/\",\"name\":\"Contacto - Joyeria Sujoya\",\"isPartOf\":{\"@id\":\"https:\/\/sujoya.es\/#website\"},\"datePublished\":\"2024-01-16T19:25:14+00:00\",\"dateModified\":\"2026-02-25T13:08:13+00:00\",\"breadcrumb\":{\"@id\":\"https:\/\/sujoya.es\/contacto\/#breadcrumb\"},\"inLanguage\":\"en-GB\",\"potentialAction\":[{\"@type\":\"ReadAction\",\"target\":[\"https:\/\/sujoya.es\/contacto\/\"]}]},{\"@type\":\"BreadcrumbList\",\"@id\":\"https:\/\/sujoya.es\/contacto\/#breadcrumb\",\"itemListElement\":[{\"@type\":\"ListItem\",\"position\":1,\"name\":\"Portada\",\"item\":\"https:\/\/sujoya.es\/\"},{\"@type\":\"ListItem\",\"position\":2,\"name\":\"Contacto\"}]},{\"@type\":\"WebSite\",\"@id\":\"https:\/\/sujoya.es\/#website\",\"url\":\"https:\/\/sujoya.es\/\",\"name\":\"Joyeria Su Joya\",\"description\":\"\u00a1Joyer\u00eda Sujoya en Valladolid desde hace m\u00e1s de 20 a\u00f1os! \ud83d\udc8d\u2728 Descubre nuestras colecciones de relojes, joyas, alianzas... #Joyer\u00edaValladolid\",\"publisher\":{\"@id\":\"https:\/\/sujoya.es\/#organization\"},\"potentialAction\":[{\"@type\":\"SearchAction\",\"target\":{\"@type\":\"EntryPoint\",\"urlTemplate\":\"https:\/\/sujoya.es\/?s={search_term_string}\"},\"query-input\":{\"@type\":\"PropertyValueSpecification\",\"valueRequired\":true,\"valueName\":\"search_term_string\"}}],\"inLanguage\":\"en-GB\"},{\"@type\":\"Organization\",\"@id\":\"https:\/\/sujoya.es\/#organization\",\"name\":\"Joyeria Su Joya\",\"url\":\"https:\/\/sujoya.es\/\",\"logo\":{\"@type\":\"ImageObject\",\"inLanguage\":\"en-GB\",\"@id\":\"https:\/\/sujoya.es\/#\/schema\/logo\/image\/\",\"url\":\"https:\/\/sujoya.es\/wp-content\/uploads\/2023\/11\/logotipo_web.png\",\"contentUrl\":\"https:\/\/sujoya.es\/wp-content\/uploads\/2023\/11\/logotipo_web.png\",\"width\":1185,\"height\":339,\"caption\":\"Joyeria Su Joya\"},\"image\":{\"@id\":\"https:\/\/sujoya.es\/#\/schema\/logo\/image\/\"}}]}<\/script>\n<!-- \/ Yoast SEO plugin. -->","yoast_head_json":{"title":"Contacto - Joyeria Sujoya","robots":{"index":"index","follow":"follow","max-snippet":"max-snippet:-1","max-image-preview":"max-image-preview:large","max-video-preview":"max-video-preview:-1"},"canonical":"https:\/\/sujoya.es\/en\/contacto\/","og_locale":"en_GB","og_type":"article","og_title":"Contacto - Joyeria Sujoya","og_description":"Descubre la Elegancia que Complementa Tu Estilo \u00a1Explora Nuestra Colecci\u00f3n! Explora Nuestra Colecci\u00f3n de Relojes para Hombre y Eleva tu Elegancia \u00a1Descubre Ahora! Descubre Nuestra Colecci\u00f3n de Alianzas y Encuentra la Perfecta Expresi\u00f3n de Tu Amor \u00a1Explora Nuestras Alianzas!! Descubre la Elegancia que Complementa Tu Estilo \u00a1Explora Nuestra Colecci\u00f3n! Explora Nuestra Colecci\u00f3n de Relojes para [&hellip;]","og_url":"https:\/\/sujoya.es\/en\/contacto\/","og_site_name":"Joyeria Sujoya","article_modified_time":"2026-02-25T13:08:13+00:00","twitter_card":"summary_large_image","twitter_misc":{"Estimated reading time":"1 minute"},"schema":{"@context":"https:\/\/schema.org","@graph":[{"@type":"WebPage","@id":"https:\/\/sujoya.es\/contacto\/","url":"https:\/\/sujoya.es\/contacto\/","name":"Contacto - Joyeria Sujoya","isPartOf":{"@id":"https:\/\/sujoya.es\/#website"},"datePublished":"2024-01-16T19:25:14+00:00","dateModified":"2026-02-25T13:08:13+00:00","breadcrumb":{"@id":"https:\/\/sujoya.es\/contacto\/#breadcrumb"},"inLanguage":"en-GB","potentialAction":[{"@type":"ReadAction","target":["https:\/\/sujoya.es\/contacto\/"]}]},{"@type":"BreadcrumbList","@id":"https:\/\/sujoya.es\/contacto\/#breadcrumb","itemListElement":[{"@type":"ListItem","position":1,"name":"Portada","item":"https:\/\/sujoya.es\/"},{"@type":"ListItem","position":2,"name":"Contacto"}]},{"@type":"WebSite","@id":"https:\/\/sujoya.es\/#website","url":"https:\/\/sujoya.es\/","name":"Joyeria Su Joya","description":"Sujoya Jewelry in Valladolid for over 20 years! \ud83d\udc8d\u2728 Discover our collections of watches, jewelry, wedding rings... #Joyer\u00edaValladolid","publisher":{"@id":"https:\/\/sujoya.es\/#organization"},"potentialAction":[{"@type":"SearchAction","target":{"@type":"EntryPoint","urlTemplate":"https:\/\/sujoya.es\/?s={search_term_string}"},"query-input":{"@type":"PropertyValueSpecification","valueRequired":true,"valueName":"search_term_string"}}],"inLanguage":"en-GB"},{"@type":"Organization","@id":"https:\/\/sujoya.es\/#organization","name":"Joyeria Su Joya","url":"https:\/\/sujoya.es\/","logo":{"@type":"ImageObject","inLanguage":"en-GB","@id":"https:\/\/sujoya.es\/#\/schema\/logo\/image\/","url":"https:\/\/sujoya.es\/wp-content\/uploads\/2023\/11\/logotipo_web.png","contentUrl":"https:\/\/sujoya.es\/wp-content\/uploads\/2023\/11\/logotipo_web.png","width":1185,"height":339,"caption":"Joyeria Su Joya"},"image":{"@id":"https:\/\/sujoya.es\/#\/schema\/logo\/image\/"}}]}},"_links":{"self":[{"href":"https:\/\/sujoya.es\/en\/wp-json\/wp\/v2\/pages\/515","targetHints":{"allow":["GET"]}}],"collection":[{"href":"https:\/\/sujoya.es\/en\/wp-json\/wp\/v2\/pages"}],"about":[{"href":"https:\/\/sujoya.es\/en\/wp-json\/wp\/v2\/types\/page"}],"author":[{"embeddable":true,"href":"https:\/\/sujoya.es\/en\/wp-json\/wp\/v2\/users\/1"}],"replies":[{"embeddable":true,"href":"https:\/\/sujoya.es\/en\/wp-json\/wp\/v2\/comments?post=515"}],"version-history":[{"count":2,"href":"https:\/\/sujoya.es\/en\/wp-json\/wp\/v2\/pages\/515\/revisions"}],"predecessor-version":[{"id":1173,"href":"https:\/\/sujoya.es\/en\/wp-json\/wp\/v2\/pages\/515\/revisions\/1173"}],"wp:attachment":[{"href":"https:\/\/sujoya.es\/en\/wp-json\/wp\/v2\/media?parent=515"}],"curies":[{"name":"wp","href":"https:\/\/api.w.org\/{rel}","templated":true}]}}