{"id":262,"date":"2024-01-15T14:29:25","date_gmt":"2024-01-15T14:29:25","guid":{"rendered":"https:\/\/sujoya.es\/carrito\/"},"modified":"2024-01-23T19:01:40","modified_gmt":"2024-01-23T19:01:40","slug":"carrito","status":"publish","type":"page","link":"https:\/\/sujoya.es\/en\/carrito\/","title":{"rendered":"Carrito"},"content":{"rendered":"<div data-elementor-type=\"wp-page\" data-elementor-id=\"262\" class=\"elementor elementor-262\" data-elementor-post-type=\"page\">\n\t\t\t\t<div class=\"elementor-element elementor-element-0fcac56 e-flex e-con-boxed e-con e-parent\" data-id=\"0fcac56\" data-element_type=\"container\">\n\t\t\t\t\t<div class=\"e-con-inner\">\n\t\t\t\t\t<\/div>\n\t\t\t\t<\/div>\n\t\t\t\t<\/div>","protected":false},"excerpt":{"rendered":"<p>Eliminar art\u00edculo Imagen en miniatura Producto Precio Cantidad Subtotal &times; Alianza de boda 2 oros 3mm espiga 20,00&nbsp;&euro; Alianza de boda 2 oros 3mm espiga cantidad 20,00&nbsp;&euro; Aplicar el cup\u00f3n Total Subtotal 20,00&nbsp;&euro; Total 20,00&nbsp;&euro; Proceder al pago<\/p>","protected":false},"author":1,"featured_media":0,"parent":0,"menu_order":0,"comment_status":"closed","ping_status":"closed","template":"","meta":{"footnotes":""},"class_list":["post-262","page","type-page","status-publish","hentry"],"yoast_head":"<!-- This site is optimized with the Yoast SEO plugin v26.8 - https:\/\/yoast.com\/product\/yoast-seo-wordpress\/ -->\n<title>Carrito - Joyeria Sujoya<\/title>\n<meta name=\"robots\" content=\"index, follow, max-snippet:-1, max-image-preview:large, max-video-preview:-1\" \/>\n<link rel=\"canonical\" href=\"https:\/\/sujoya.es\/en\/carrito\/\" \/>\n<meta property=\"og:locale\" content=\"en_GB\" \/>\n<meta property=\"og:type\" content=\"article\" \/>\n<meta property=\"og:title\" content=\"Carrito - Joyeria Sujoya\" \/>\n<meta property=\"og:description\" content=\"Eliminar art\u00edculo Imagen en miniatura Producto Precio Cantidad Subtotal &times; Alianza de boda 2 oros 3mm espiga 20,00&nbsp;&euro; Alianza de boda 2 oros 3mm espiga cantidad 20,00&nbsp;&euro; Aplicar el cup\u00f3n Total Subtotal 20,00&nbsp;&euro; Total 20,00&nbsp;&euro; Proceder al pago\" \/>\n<meta property=\"og:url\" content=\"https:\/\/sujoya.es\/en\/carrito\/\" \/>\n<meta property=\"og:site_name\" content=\"Joyeria Sujoya\" \/>\n<meta property=\"article:modified_time\" content=\"2024-01-23T19:01:40+00:00\" \/>\n<meta property=\"og:image\" content=\"https:\/\/sujoya.es\/wp-content\/uploads\/2024\/01\/101AS-300x300.jpg\" \/>\n<meta name=\"twitter:card\" content=\"summary_large_image\" \/>\n<script type=\"application\/ld+json\" class=\"yoast-schema-graph\">{\"@context\":\"https:\/\/schema.org\",\"@graph\":[{\"@type\":\"WebPage\",\"@id\":\"https:\/\/sujoya.es\/carrito\/\",\"url\":\"https:\/\/sujoya.es\/carrito\/\",\"name\":\"Carrito - Joyeria Sujoya\",\"isPartOf\":{\"@id\":\"https:\/\/sujoya.es\/#website\"},\"primaryImageOfPage\":{\"@id\":\"https:\/\/sujoya.es\/carrito\/#primaryimage\"},\"image\":{\"@id\":\"https:\/\/sujoya.es\/carrito\/#primaryimage\"},\"thumbnailUrl\":\"https:\/\/sujoya.es\/wp-content\/uploads\/2024\/01\/101AS-300x300.jpg\",\"datePublished\":\"2024-01-15T14:29:25+00:00\",\"dateModified\":\"2024-01-23T19:01:40+00:00\",\"breadcrumb\":{\"@id\":\"https:\/\/sujoya.es\/carrito\/#breadcrumb\"},\"inLanguage\":\"en-GB\",\"potentialAction\":[{\"@type\":\"ReadAction\",\"target\":[\"https:\/\/sujoya.es\/carrito\/\"]}]},{\"@type\":\"ImageObject\",\"inLanguage\":\"en-GB\",\"@id\":\"https:\/\/sujoya.es\/carrito\/#primaryimage\",\"url\":\"https:\/\/sujoya.es\/wp-content\/uploads\/2024\/01\/101AS-300x300.jpg\",\"contentUrl\":\"https:\/\/sujoya.es\/wp-content\/uploads\/2024\/01\/101AS-300x300.jpg\"},{\"@type\":\"BreadcrumbList\",\"@id\":\"https:\/\/sujoya.es\/carrito\/#breadcrumb\",\"itemListElement\":[{\"@type\":\"ListItem\",\"position\":1,\"name\":\"Portada\",\"item\":\"https:\/\/sujoya.es\/\"},{\"@type\":\"ListItem\",\"position\":2,\"name\":\"Carrito\"}]},{\"@type\":\"WebSite\",\"@id\":\"https:\/\/sujoya.es\/#website\",\"url\":\"https:\/\/sujoya.es\/\",\"name\":\"Joyeria Su Joya\",\"description\":\"\u00a1Joyer\u00eda Sujoya en Valladolid desde hace m\u00e1s de 20 a\u00f1os! \ud83d\udc8d\u2728 Descubre nuestras colecciones de relojes, joyas, alianzas... #Joyer\u00edaValladolid\",\"publisher\":{\"@id\":\"https:\/\/sujoya.es\/#organization\"},\"potentialAction\":[{\"@type\":\"SearchAction\",\"target\":{\"@type\":\"EntryPoint\",\"urlTemplate\":\"https:\/\/sujoya.es\/?s={search_term_string}\"},\"query-input\":{\"@type\":\"PropertyValueSpecification\",\"valueRequired\":true,\"valueName\":\"search_term_string\"}}],\"inLanguage\":\"en-GB\"},{\"@type\":\"Organization\",\"@id\":\"https:\/\/sujoya.es\/#organization\",\"name\":\"Joyeria Su Joya\",\"url\":\"https:\/\/sujoya.es\/\",\"logo\":{\"@type\":\"ImageObject\",\"inLanguage\":\"en-GB\",\"@id\":\"https:\/\/sujoya.es\/#\/schema\/logo\/image\/\",\"url\":\"https:\/\/sujoya.es\/wp-content\/uploads\/2023\/11\/logotipo_web.png\",\"contentUrl\":\"https:\/\/sujoya.es\/wp-content\/uploads\/2023\/11\/logotipo_web.png\",\"width\":1185,\"height\":339,\"caption\":\"Joyeria Su Joya\"},\"image\":{\"@id\":\"https:\/\/sujoya.es\/#\/schema\/logo\/image\/\"}}]}<\/script>\n<!-- \/ Yoast SEO plugin. -->","yoast_head_json":{"title":"Carrito - Joyeria Sujoya","robots":{"index":"index","follow":"follow","max-snippet":"max-snippet:-1","max-image-preview":"max-image-preview:large","max-video-preview":"max-video-preview:-1"},"canonical":"https:\/\/sujoya.es\/en\/carrito\/","og_locale":"en_GB","og_type":"article","og_title":"Carrito - Joyeria Sujoya","og_description":"Eliminar art\u00edculo Imagen en miniatura Producto Precio Cantidad Subtotal &times; Alianza de boda 2 oros 3mm espiga 20,00&nbsp;&euro; Alianza de boda 2 oros 3mm espiga cantidad 20,00&nbsp;&euro; Aplicar el cup\u00f3n Total Subtotal 20,00&nbsp;&euro; Total 20,00&nbsp;&euro; Proceder al pago","og_url":"https:\/\/sujoya.es\/en\/carrito\/","og_site_name":"Joyeria Sujoya","article_modified_time":"2024-01-23T19:01:40+00:00","og_image":[{"url":"https:\/\/sujoya.es\/wp-content\/uploads\/2024\/01\/101AS-300x300.jpg","type":"","width":"","height":""}],"twitter_card":"summary_large_image","schema":{"@context":"https:\/\/schema.org","@graph":[{"@type":"WebPage","@id":"https:\/\/sujoya.es\/carrito\/","url":"https:\/\/sujoya.es\/carrito\/","name":"Carrito - Joyeria Sujoya","isPartOf":{"@id":"https:\/\/sujoya.es\/#website"},"primaryImageOfPage":{"@id":"https:\/\/sujoya.es\/carrito\/#primaryimage"},"image":{"@id":"https:\/\/sujoya.es\/carrito\/#primaryimage"},"thumbnailUrl":"https:\/\/sujoya.es\/wp-content\/uploads\/2024\/01\/101AS-300x300.jpg","datePublished":"2024-01-15T14:29:25+00:00","dateModified":"2024-01-23T19:01:40+00:00","breadcrumb":{"@id":"https:\/\/sujoya.es\/carrito\/#breadcrumb"},"inLanguage":"en-GB","potentialAction":[{"@type":"ReadAction","target":["https:\/\/sujoya.es\/carrito\/"]}]},{"@type":"ImageObject","inLanguage":"en-GB","@id":"https:\/\/sujoya.es\/carrito\/#primaryimage","url":"https:\/\/sujoya.es\/wp-content\/uploads\/2024\/01\/101AS-300x300.jpg","contentUrl":"https:\/\/sujoya.es\/wp-content\/uploads\/2024\/01\/101AS-300x300.jpg"},{"@type":"BreadcrumbList","@id":"https:\/\/sujoya.es\/carrito\/#breadcrumb","itemListElement":[{"@type":"ListItem","position":1,"name":"Portada","item":"https:\/\/sujoya.es\/"},{"@type":"ListItem","position":2,"name":"Carrito"}]},{"@type":"WebSite","@id":"https:\/\/sujoya.es\/#website","url":"https:\/\/sujoya.es\/","name":"Joyeria Su Joya","description":"Sujoya Jewelry in Valladolid for over 20 years! \ud83d\udc8d\u2728 Discover our collections of watches, jewelry, wedding rings... #Joyer\u00edaValladolid","publisher":{"@id":"https:\/\/sujoya.es\/#organization"},"potentialAction":[{"@type":"SearchAction","target":{"@type":"EntryPoint","urlTemplate":"https:\/\/sujoya.es\/?s={search_term_string}"},"query-input":{"@type":"PropertyValueSpecification","valueRequired":true,"valueName":"search_term_string"}}],"inLanguage":"en-GB"},{"@type":"Organization","@id":"https:\/\/sujoya.es\/#organization","name":"Joyeria Su Joya","url":"https:\/\/sujoya.es\/","logo":{"@type":"ImageObject","inLanguage":"en-GB","@id":"https:\/\/sujoya.es\/#\/schema\/logo\/image\/","url":"https:\/\/sujoya.es\/wp-content\/uploads\/2023\/11\/logotipo_web.png","contentUrl":"https:\/\/sujoya.es\/wp-content\/uploads\/2023\/11\/logotipo_web.png","width":1185,"height":339,"caption":"Joyeria Su Joya"},"image":{"@id":"https:\/\/sujoya.es\/#\/schema\/logo\/image\/"}}]}},"_links":{"self":[{"href":"https:\/\/sujoya.es\/en\/wp-json\/wp\/v2\/pages\/262","targetHints":{"allow":["GET"]}}],"collection":[{"href":"https:\/\/sujoya.es\/en\/wp-json\/wp\/v2\/pages"}],"about":[{"href":"https:\/\/sujoya.es\/en\/wp-json\/wp\/v2\/types\/page"}],"author":[{"embeddable":true,"href":"https:\/\/sujoya.es\/en\/wp-json\/wp\/v2\/users\/1"}],"replies":[{"embeddable":true,"href":"https:\/\/sujoya.es\/en\/wp-json\/wp\/v2\/comments?post=262"}],"version-history":[{"count":2,"href":"https:\/\/sujoya.es\/en\/wp-json\/wp\/v2\/pages\/262\/revisions"}],"predecessor-version":[{"id":611,"href":"https:\/\/sujoya.es\/en\/wp-json\/wp\/v2\/pages\/262\/revisions\/611"}],"wp:attachment":[{"href":"https:\/\/sujoya.es\/en\/wp-json\/wp\/v2\/media?parent=262"}],"curies":[{"name":"wp","href":"https:\/\/api.w.org\/{rel}","templated":true}]}}