{"id":195,"date":"2024-01-10T15:37:57","date_gmt":"2024-01-10T15:37:57","guid":{"rendered":"https:\/\/sujoya.es\/?page_id=195"},"modified":"2024-04-18T16:41:40","modified_gmt":"2024-04-18T14:41:40","slug":"taller","status":"publish","type":"page","link":"https:\/\/sujoya.es\/en\/taller\/","title":{"rendered":"Workshop"},"content":{"rendered":"<div data-elementor-type=\"wp-page\" data-elementor-id=\"195\" class=\"elementor elementor-195\" data-elementor-post-type=\"page\">\n\t\t\t\t<div class=\"elementor-element elementor-element-8cf69d8 e-con-full e-flex e-con e-parent\" data-id=\"8cf69d8\" data-element_type=\"container\" data-settings=\"{&quot;background_background&quot;:&quot;classic&quot;}\">\n\t\t<div class=\"elementor-element elementor-element-66765d3 e-con-full e-flex e-con e-child\" data-id=\"66765d3\" data-element_type=\"container\" data-settings=\"{&quot;background_background&quot;:&quot;classic&quot;}\">\n\t\t\t\t<div class=\"elementor-element elementor-element-b9f9a3d elementor--h-position-center elementor--v-position-middle elementor-widget elementor-widget-slides\" data-id=\"b9f9a3d\" data-element_type=\"widget\" data-settings=\"{&quot;navigation&quot;:&quot;none&quot;,&quot;autoplay&quot;:&quot;yes&quot;,&quot;pause_on_hover&quot;:&quot;yes&quot;,&quot;pause_on_interaction&quot;:&quot;yes&quot;,&quot;autoplay_speed&quot;:5000,&quot;infinite&quot;:&quot;yes&quot;,&quot;transition&quot;:&quot;slide&quot;,&quot;transition_speed&quot;:500}\" data-widget_type=\"slides.default\">\n\t\t\t\t<div class=\"elementor-widget-container\">\n\t\t\t\t\t\t\t\t\t<div class=\"elementor-swiper\">\n\t\t\t\t\t<div class=\"elementor-slides-wrapper elementor-main-swiper swiper\" role=\"region\" aria-roledescription=\"carousel\" aria-label=\"Slides\" dir=\"ltr\" data-animation=\"fadeInLeft\">\n\t\t\t\t<div class=\"swiper-wrapper elementor-slides\">\n\t\t\t\t\t\t\t\t\t\t<div class=\"elementor-repeater-item-4d20c16 swiper-slide\" role=\"group\" aria-roledescription=\"slide\"><div class=\"swiper-slide-bg\" role=\"img\"><\/div><a class=\"swiper-slide-inner\" href=\"https:\/\/sujoya.es\/en\/tienda\/\"><div class=\"swiper-slide-contents\"><div class=\"elementor-slide-heading\">Discover the Elegance that Complements Your Style\u200b<\/div><div  class=\"elementor-button elementor-slide-button elementor-size-sm\">Explore Our Collection! <\/div><\/div><\/a><\/div><div class=\"elementor-repeater-item-c3eb033 swiper-slide\" role=\"group\" aria-roledescription=\"slide\"><div class=\"swiper-slide-bg\" role=\"img\"><\/div><a class=\"swiper-slide-inner\" href=\"https:\/\/sujoya.es\/en\/product-category\/relojes\/\"><div class=\"swiper-slide-contents\"><div class=\"elementor-slide-heading\">Explore Our Collection of Men&#039;s Watches and Elevate your Elegance<\/div><div  class=\"elementor-button elementor-slide-button elementor-size-sm\">Discover Now!<\/div><\/div><\/a><\/div><div class=\"elementor-repeater-item-144216a swiper-slide\" role=\"group\" aria-roledescription=\"slide\"><div class=\"swiper-slide-bg\" role=\"img\"><\/div><a class=\"swiper-slide-inner\" href=\"https:\/\/sujoya.es\/en\/product-category\/alianzas\/\"><div class=\"swiper-slide-contents\"><div class=\"elementor-slide-heading\">Discover Our Collection of Wedding Rings and Find the Perfect Expression of Your Love<\/div><div  class=\"elementor-button elementor-slide-button elementor-size-sm\">Explore Our Alliances!! <\/div><\/div><\/a><\/div>\t\t\t\t<\/div>\n\t\t\t\t\t\t\t\t\t\t\t\t\t\t\t\t\t\t\t\t\t<\/div>\n\t\t\t\t<\/div>\n\t\t\t\t\t\t\t\t<\/div>\n\t\t\t\t<\/div>\n\t\t\t\t<\/div>\n\t\t\t\t<\/div>\n\t\t<div class=\"elementor-element elementor-element-9eb4f14 e-con-full e-flex e-con e-parent\" data-id=\"9eb4f14\" data-element_type=\"container\">\n\t\t\t\t<div class=\"elementor-element elementor-element-2d351fd elementor-widget elementor-widget-heading\" data-id=\"2d351fd\" data-element_type=\"widget\" data-widget_type=\"heading.default\">\n\t\t\t\t<div class=\"elementor-widget-container\">\n\t\t\t\t\t<h2 class=\"elementor-heading-title elementor-size-default\">WORKSHOP <br> REPAIR<\/h2>\t\t\t\t<\/div>\n\t\t\t\t<\/div>\n\t\t\t\t<div class=\"elementor-element elementor-element-8ac15f0 elementor-widget__width-initial elementor-widget elementor-widget-text-editor\" data-id=\"8ac15f0\" data-element_type=\"widget\" data-widget_type=\"text-editor.default\">\n\t\t\t\t<div class=\"elementor-widget-container\">\n\t\t\t\t\t\t\t\t\t<p>Trust us to care for your jewelry and watches with the attention and skill they deserve. With every repair service, our commitment is to restore their splendor and functionality, ensuring they remain treasures for a lifetime.<\/p>\t\t\t\t\t\t\t\t<\/div>\n\t\t\t\t<\/div>\n\t\t\t\t<div class=\"elementor-element elementor-element-9a72477 elementor-cta--layout-image-left elementor-widget__width-initial elementor-cta--skin-classic elementor-animated-content elementor-bg-transform elementor-bg-transform-zoom-in elementor-widget elementor-widget-call-to-action\" data-id=\"9a72477\" data-element_type=\"widget\" data-widget_type=\"call-to-action.default\">\n\t\t\t\t<div class=\"elementor-widget-container\">\n\t\t\t\t\t\t\t<div class=\"elementor-cta\">\n\t\t\t\t\t<div class=\"elementor-cta__bg-wrapper\">\n\t\t\t\t<div class=\"elementor-cta__bg elementor-bg\" style=\"background-image: url(https:\/\/sujoya.es\/wp-content\/uploads\/2023\/11\/bence-balla-schottner-_HAVhi9B2a4-unsplash-1-1024x837.jpg);\" role=\"img\" aria-label=\"bence-balla-schottner-_HAVhi9B2a4-unsplash\"><\/div>\n\t\t\t\t<div class=\"elementor-cta__bg-overlay\"><\/div>\n\t\t\t<\/div>\n\t\t\t\t\t\t\t<div class=\"elementor-cta__content\">\n\t\t\t\t\n\t\t\t\t\t\t\t\t\t<h2 class=\"elementor-cta__title elementor-cta__content-item elementor-content-item\">\n\t\t\t\t\t\tWATCH REPAIR\t\t\t\t\t<\/h2>\n\t\t\t\t\n\t\t\t\t\n\t\t\t\t\t\t\t<\/div>\n\t\t\t\t\t\t<\/div>\n\t\t\t\t\t\t<\/div>\n\t\t\t\t<\/div>\n\t\t<div class=\"elementor-element elementor-element-77d839a e-flex e-con-boxed e-con e-child\" data-id=\"77d839a\" data-element_type=\"container\">\n\t\t\t\t\t<div class=\"e-con-inner\">\n\t\t\t\t<div class=\"elementor-element elementor-element-7599cf6 elementor-widget__width-initial elementor-widget elementor-widget-image-box\" data-id=\"7599cf6\" data-element_type=\"widget\" data-widget_type=\"image-box.default\">\n\t\t\t\t<div class=\"elementor-widget-container\">\n\t\t\t\t\t<div class=\"elementor-image-box-wrapper\"><div class=\"elementor-image-box-content\"><h3 class=\"elementor-image-box-title\">Battery change<\/h3><p class=\"elementor-image-box-description\">At our watch repair service, we offer fast and efficient battery changes to ensure your watch works accurately. We use high quality batteries and guarantee professional installation to extend the life of your watch. <\/p><\/div><\/div>\t\t\t\t<\/div>\n\t\t\t\t<\/div>\n\t\t\t\t<div class=\"elementor-element elementor-element-5ee45ae elementor-widget__width-initial elementor-widget elementor-widget-image-box\" data-id=\"5ee45ae\" data-element_type=\"widget\" data-widget_type=\"image-box.default\">\n\t\t\t\t<div class=\"elementor-widget-container\">\n\t\t\t\t\t<div class=\"elementor-image-box-wrapper\"><div class=\"elementor-image-box-content\"><h3 class=\"elementor-image-box-title\">Email change<\/h3><p class=\"elementor-image-box-description\">Renew the look of your watch with our strap change service. We offer a wide range of options, from elegant leather to durable stainless steel straps. Customize your watch to suit your style and comfort. <\/p><\/div><\/div>\t\t\t\t<\/div>\n\t\t\t\t<\/div>\n\t\t\t\t<div class=\"elementor-element elementor-element-ec931c5 elementor-widget__width-initial elementor-widget elementor-widget-image-box\" data-id=\"ec931c5\" data-element_type=\"widget\" data-widget_type=\"image-box.default\">\n\t\t\t\t<div class=\"elementor-widget-container\">\n\t\t\t\t\t<div class=\"elementor-image-box-wrapper\"><div class=\"elementor-image-box-content\"><h3 class=\"elementor-image-box-title\">Glass replacement<\/h3><p class=\"elementor-image-box-description\">Has your watch suffered glass damage? Our team of watch repair experts takes care of changing the glass carefully and precisely. We return your watch to its original appearance, providing high-quality crystals and restoring its functionality. <\/p><\/div><\/div>\t\t\t\t<\/div>\n\t\t\t\t<\/div>\n\t\t\t\t\t<\/div>\n\t\t\t\t<\/div>\n\t\t\t\t<div class=\"elementor-element elementor-element-d8ff2e6 elementor-cta--layout-image-right elementor-widget__width-initial elementor-cta--skin-classic elementor-animated-content elementor-bg-transform elementor-bg-transform-zoom-in elementor-widget elementor-widget-call-to-action\" data-id=\"d8ff2e6\" data-element_type=\"widget\" data-widget_type=\"call-to-action.default\">\n\t\t\t\t<div class=\"elementor-widget-container\">\n\t\t\t\t\t\t\t<div class=\"elementor-cta\">\n\t\t\t\t\t<div class=\"elementor-cta__bg-wrapper\">\n\t\t\t\t<div class=\"elementor-cta__bg elementor-bg\" style=\"background-image: url(https:\/\/sujoya.es\/wp-content\/uploads\/2023\/11\/foto2.png);\" role=\"img\" aria-label=\"photo2\"><\/div>\n\t\t\t\t<div class=\"elementor-cta__bg-overlay\"><\/div>\n\t\t\t<\/div>\n\t\t\t\t\t\t\t<div class=\"elementor-cta__content\">\n\t\t\t\t\n\t\t\t\t\t\t\t\t\t<h2 class=\"elementor-cta__title elementor-cta__content-item elementor-content-item\">\n\t\t\t\t\t\tJEWELRY REPAIR\t\t\t\t\t<\/h2>\n\t\t\t\t\n\t\t\t\t\n\t\t\t\t\t\t\t<\/div>\n\t\t\t\t\t\t<\/div>\n\t\t\t\t\t\t<\/div>\n\t\t\t\t<\/div>\n\t\t<div class=\"elementor-element elementor-element-7989a3c e-flex e-con-boxed e-con e-child\" data-id=\"7989a3c\" data-element_type=\"container\">\n\t\t\t\t\t<div class=\"e-con-inner\">\n\t\t\t\t<div class=\"elementor-element elementor-element-e041e85 elementor-widget__width-initial elementor-widget elementor-widget-image-box\" data-id=\"e041e85\" data-element_type=\"widget\" data-widget_type=\"image-box.default\">\n\t\t\t\t<div class=\"elementor-widget-container\">\n\t\t\t\t\t<div class=\"elementor-image-box-wrapper\"><div class=\"elementor-image-box-content\"><h3 class=\"elementor-image-box-title\">Maintenance service<\/h3><p class=\"elementor-image-box-description\">Keep your jewelry in optimal condition with our maintenance service. Our specialists perform detailed inspections, professional cleanings, and necessary adjustments to ensure your jewelry looks pristine and lasts over time. <\/p><\/div><\/div>\t\t\t\t<\/div>\n\t\t\t\t<\/div>\n\t\t\t\t<div class=\"elementor-element elementor-element-5002a59 elementor-widget__width-initial elementor-widget elementor-widget-image-box\" data-id=\"5002a59\" data-element_type=\"widget\" data-widget_type=\"image-box.default\">\n\t\t\t\t<div class=\"elementor-widget-container\">\n\t\t\t\t\t<div class=\"elementor-image-box-wrapper\"><div class=\"elementor-image-box-content\"><h3 class=\"elementor-image-box-title\">Cleaning or polishing<\/h3><p class=\"elementor-image-box-description\">Recover the original shine of your jewelry with our cleaning and polishing service. We remove waste and carefully polish each piece to highlight its beauty. Whether gold, silver or platinum, your jewelry will shine like the first day. <\/p><\/div><\/div>\t\t\t\t<\/div>\n\t\t\t\t<\/div>\n\t\t\t\t<div class=\"elementor-element elementor-element-e29ff0a elementor-widget__width-initial elementor-widget elementor-widget-image-box\" data-id=\"e29ff0a\" data-element_type=\"widget\" data-widget_type=\"image-box.default\">\n\t\t\t\t<div class=\"elementor-widget-container\">\n\t\t\t\t\t<div class=\"elementor-image-box-wrapper\"><div class=\"elementor-image-box-content\"><h3 class=\"elementor-image-box-title\">Custom repairs or adjustments<\/h3><p class=\"elementor-image-box-description\">Do you have a piece of jewelry that needs repair or custom fitting? We specialize in detailed repairs and custom adjustments. From crimping to size modifications, our team works with precision to meet your specific needs. Trust us to care for your jewelry and watches with the attention and skill they deserve. With each repair service, our commitment is to restore them to their splendor and functionality, ensuring that they remain treasures for a lifetime. <\/p><\/div><\/div>\t\t\t\t<\/div>\n\t\t\t\t<\/div>\n\t\t\t\t\t<\/div>\n\t\t\t\t<\/div>\n\t\t\t\t<\/div>\n\t\t<div class=\"elementor-element elementor-element-2170638 e-flex e-con-boxed e-con e-parent\" data-id=\"2170638\" data-element_type=\"container\" data-settings=\"{&quot;background_background&quot;:&quot;classic&quot;}\">\n\t\t\t\t\t<div class=\"e-con-inner\">\n\t\t\t\t\t<\/div>\n\t\t\t\t<\/div>\n\t\t\t\t<\/div>","protected":false},"excerpt":{"rendered":"<p>Descubre la Elegancia que Complementa Tu Estilo\u200b\u00a1Explora Nuestra Colecci\u00f3n! Explora Nuestra Colecci\u00f3n de Relojes para Hombre y Eleva tu Elegancia\u00a1Descubre Ahora!Descubre Nuestra Colecci\u00f3n de Alianzas y Encuentra la Perfecta Expresi\u00f3n de Tu Amor \u200b\u00a1Explora Nuestras Alianzas!! TALLER DE REPARACI\u00d3N Conf\u00eda en nosotros para cuidar de tus joyas y relojes con la atenci\u00f3n y habilidad que [&hellip;]<\/p>\n","protected":false},"author":1,"featured_media":0,"parent":0,"menu_order":0,"comment_status":"closed","ping_status":"closed","template":"","meta":{"footnotes":""},"class_list":["post-195","page","type-page","status-publish","hentry"],"yoast_head":"<!-- This site is optimized with the Yoast SEO plugin v26.8 - https:\/\/yoast.com\/product\/yoast-seo-wordpress\/ -->\n<title>Taller - Joyeria Sujoya<\/title>\n<meta name=\"robots\" content=\"index, follow, max-snippet:-1, max-image-preview:large, max-video-preview:-1\" \/>\n<link rel=\"canonical\" href=\"https:\/\/sujoya.es\/en\/taller\/\" \/>\n<meta property=\"og:locale\" content=\"en_GB\" \/>\n<meta property=\"og:type\" content=\"article\" \/>\n<meta property=\"og:title\" content=\"Taller - Joyeria Sujoya\" \/>\n<meta property=\"og:description\" content=\"Descubre la Elegancia que Complementa Tu Estilo\u200b\u00a1Explora Nuestra Colecci\u00f3n! Explora Nuestra Colecci\u00f3n de Relojes para Hombre y Eleva tu Elegancia\u00a1Descubre Ahora!Descubre Nuestra Colecci\u00f3n de Alianzas y Encuentra la Perfecta Expresi\u00f3n de Tu Amor \u200b\u00a1Explora Nuestras Alianzas!! TALLER DE REPARACI\u00d3N Conf\u00eda en nosotros para cuidar de tus joyas y relojes con la atenci\u00f3n y habilidad que [&hellip;]\" \/>\n<meta property=\"og:url\" content=\"https:\/\/sujoya.es\/en\/taller\/\" \/>\n<meta property=\"og:site_name\" content=\"Joyeria Sujoya\" \/>\n<meta property=\"article:modified_time\" content=\"2024-04-18T14:41:40+00:00\" \/>\n<meta name=\"twitter:card\" content=\"summary_large_image\" \/>\n<meta name=\"twitter:label1\" content=\"Estimated reading time\" \/>\n\t<meta name=\"twitter:data1\" content=\"3 minutes\" \/>\n<script type=\"application\/ld+json\" class=\"yoast-schema-graph\">{\"@context\":\"https:\/\/schema.org\",\"@graph\":[{\"@type\":\"WebPage\",\"@id\":\"https:\/\/sujoya.es\/taller\/\",\"url\":\"https:\/\/sujoya.es\/taller\/\",\"name\":\"Taller - Joyeria Sujoya\",\"isPartOf\":{\"@id\":\"https:\/\/sujoya.es\/#website\"},\"datePublished\":\"2024-01-10T15:37:57+00:00\",\"dateModified\":\"2024-04-18T14:41:40+00:00\",\"breadcrumb\":{\"@id\":\"https:\/\/sujoya.es\/taller\/#breadcrumb\"},\"inLanguage\":\"en-GB\",\"potentialAction\":[{\"@type\":\"ReadAction\",\"target\":[\"https:\/\/sujoya.es\/taller\/\"]}]},{\"@type\":\"BreadcrumbList\",\"@id\":\"https:\/\/sujoya.es\/taller\/#breadcrumb\",\"itemListElement\":[{\"@type\":\"ListItem\",\"position\":1,\"name\":\"Portada\",\"item\":\"https:\/\/sujoya.es\/\"},{\"@type\":\"ListItem\",\"position\":2,\"name\":\"Taller\"}]},{\"@type\":\"WebSite\",\"@id\":\"https:\/\/sujoya.es\/#website\",\"url\":\"https:\/\/sujoya.es\/\",\"name\":\"Joyeria Su Joya\",\"description\":\"\u00a1Joyer\u00eda Sujoya en Valladolid desde hace m\u00e1s de 20 a\u00f1os! \ud83d\udc8d\u2728 Descubre nuestras colecciones de relojes, joyas, alianzas... #Joyer\u00edaValladolid\",\"publisher\":{\"@id\":\"https:\/\/sujoya.es\/#organization\"},\"potentialAction\":[{\"@type\":\"SearchAction\",\"target\":{\"@type\":\"EntryPoint\",\"urlTemplate\":\"https:\/\/sujoya.es\/?s={search_term_string}\"},\"query-input\":{\"@type\":\"PropertyValueSpecification\",\"valueRequired\":true,\"valueName\":\"search_term_string\"}}],\"inLanguage\":\"en-GB\"},{\"@type\":\"Organization\",\"@id\":\"https:\/\/sujoya.es\/#organization\",\"name\":\"Joyeria Su Joya\",\"url\":\"https:\/\/sujoya.es\/\",\"logo\":{\"@type\":\"ImageObject\",\"inLanguage\":\"en-GB\",\"@id\":\"https:\/\/sujoya.es\/#\/schema\/logo\/image\/\",\"url\":\"https:\/\/sujoya.es\/wp-content\/uploads\/2023\/11\/logotipo_web.png\",\"contentUrl\":\"https:\/\/sujoya.es\/wp-content\/uploads\/2023\/11\/logotipo_web.png\",\"width\":1185,\"height\":339,\"caption\":\"Joyeria Su Joya\"},\"image\":{\"@id\":\"https:\/\/sujoya.es\/#\/schema\/logo\/image\/\"}}]}<\/script>\n<!-- \/ Yoast SEO plugin. -->","yoast_head_json":{"title":"Taller - Joyeria Sujoya","robots":{"index":"index","follow":"follow","max-snippet":"max-snippet:-1","max-image-preview":"max-image-preview:large","max-video-preview":"max-video-preview:-1"},"canonical":"https:\/\/sujoya.es\/en\/taller\/","og_locale":"en_GB","og_type":"article","og_title":"Taller - Joyeria Sujoya","og_description":"Descubre la Elegancia que Complementa Tu Estilo\u200b\u00a1Explora Nuestra Colecci\u00f3n! Explora Nuestra Colecci\u00f3n de Relojes para Hombre y Eleva tu Elegancia\u00a1Descubre Ahora!Descubre Nuestra Colecci\u00f3n de Alianzas y Encuentra la Perfecta Expresi\u00f3n de Tu Amor \u200b\u00a1Explora Nuestras Alianzas!! TALLER DE REPARACI\u00d3N Conf\u00eda en nosotros para cuidar de tus joyas y relojes con la atenci\u00f3n y habilidad que [&hellip;]","og_url":"https:\/\/sujoya.es\/en\/taller\/","og_site_name":"Joyeria Sujoya","article_modified_time":"2024-04-18T14:41:40+00:00","twitter_card":"summary_large_image","twitter_misc":{"Estimated reading time":"3 minutes"},"schema":{"@context":"https:\/\/schema.org","@graph":[{"@type":"WebPage","@id":"https:\/\/sujoya.es\/taller\/","url":"https:\/\/sujoya.es\/taller\/","name":"Taller - Joyeria Sujoya","isPartOf":{"@id":"https:\/\/sujoya.es\/#website"},"datePublished":"2024-01-10T15:37:57+00:00","dateModified":"2024-04-18T14:41:40+00:00","breadcrumb":{"@id":"https:\/\/sujoya.es\/taller\/#breadcrumb"},"inLanguage":"en-GB","potentialAction":[{"@type":"ReadAction","target":["https:\/\/sujoya.es\/taller\/"]}]},{"@type":"BreadcrumbList","@id":"https:\/\/sujoya.es\/taller\/#breadcrumb","itemListElement":[{"@type":"ListItem","position":1,"name":"Portada","item":"https:\/\/sujoya.es\/"},{"@type":"ListItem","position":2,"name":"Taller"}]},{"@type":"WebSite","@id":"https:\/\/sujoya.es\/#website","url":"https:\/\/sujoya.es\/","name":"Joyeria Su Joya","description":"Sujoya Jewelry in Valladolid for over 20 years! \ud83d\udc8d\u2728 Discover our collections of watches, jewelry, wedding rings... #Joyer\u00edaValladolid","publisher":{"@id":"https:\/\/sujoya.es\/#organization"},"potentialAction":[{"@type":"SearchAction","target":{"@type":"EntryPoint","urlTemplate":"https:\/\/sujoya.es\/?s={search_term_string}"},"query-input":{"@type":"PropertyValueSpecification","valueRequired":true,"valueName":"search_term_string"}}],"inLanguage":"en-GB"},{"@type":"Organization","@id":"https:\/\/sujoya.es\/#organization","name":"Joyeria Su Joya","url":"https:\/\/sujoya.es\/","logo":{"@type":"ImageObject","inLanguage":"en-GB","@id":"https:\/\/sujoya.es\/#\/schema\/logo\/image\/","url":"https:\/\/sujoya.es\/wp-content\/uploads\/2023\/11\/logotipo_web.png","contentUrl":"https:\/\/sujoya.es\/wp-content\/uploads\/2023\/11\/logotipo_web.png","width":1185,"height":339,"caption":"Joyeria Su Joya"},"image":{"@id":"https:\/\/sujoya.es\/#\/schema\/logo\/image\/"}}]}},"_links":{"self":[{"href":"https:\/\/sujoya.es\/en\/wp-json\/wp\/v2\/pages\/195","targetHints":{"allow":["GET"]}}],"collection":[{"href":"https:\/\/sujoya.es\/en\/wp-json\/wp\/v2\/pages"}],"about":[{"href":"https:\/\/sujoya.es\/en\/wp-json\/wp\/v2\/types\/page"}],"author":[{"embeddable":true,"href":"https:\/\/sujoya.es\/en\/wp-json\/wp\/v2\/users\/1"}],"replies":[{"embeddable":true,"href":"https:\/\/sujoya.es\/en\/wp-json\/wp\/v2\/comments?post=195"}],"version-history":[{"count":2,"href":"https:\/\/sujoya.es\/en\/wp-json\/wp\/v2\/pages\/195\/revisions"}],"predecessor-version":[{"id":1124,"href":"https:\/\/sujoya.es\/en\/wp-json\/wp\/v2\/pages\/195\/revisions\/1124"}],"wp:attachment":[{"href":"https:\/\/sujoya.es\/en\/wp-json\/wp\/v2\/media?parent=195"}],"curies":[{"name":"wp","href":"https:\/\/api.w.org\/{rel}","templated":true}]}}