{"id":111,"date":"2023-11-28T18:04:38","date_gmt":"2023-11-28T18:04:38","guid":{"rendered":"https:\/\/sujoya.es\/?page_id=111"},"modified":"2024-04-18T13:03:44","modified_gmt":"2024-04-18T11:03:44","slug":"accesibilidad","status":"publish","type":"page","link":"https:\/\/sujoya.es\/en\/accesibilidad\/","title":{"rendered":"Accessibility"},"content":{"rendered":"<div data-elementor-type=\"wp-page\" data-elementor-id=\"111\" class=\"elementor elementor-111\" data-elementor-post-type=\"page\">\n\t\t\t\t<div class=\"elementor-element elementor-element-4878d430 e-flex e-con-boxed e-con e-parent\" data-id=\"4878d430\" data-element_type=\"container\">\n\t\t\t\t\t<div class=\"e-con-inner\">\n\t\t\t\t<div class=\"elementor-element elementor-element-288a44f2 elementor-widget elementor-widget-text-editor\" data-id=\"288a44f2\" data-element_type=\"widget\" data-widget_type=\"text-editor.default\">\n\t\t\t\t<div class=\"elementor-widget-container\"><p><strong>WEB ACCESSIBILITY<\/strong>\u00a0<\/p><p><strong>Updated 03\/15\/2023<\/strong>\u00a0<\/p><p>JOS\u00c9 LUIS CANTALAPIEDRA RICO<strong>\u00a0undertakes to make its website accessible in accordance with the<\/strong><a href=\"https:\/\/www.boe.es\/diario_boe\/txt.php?id=BOE-A-2018-12699\" target=\"_blank\" rel=\"noreferrer noopener\"><strong>Royal Decree 1112\/2018<\/strong><\/a><strong>, on the accessibility of public sector websites and mobile applications.<\/strong>\u00a0<\/p><p>This accessibility statement applies to the website sujoya.es<\/p><p><strong>COMPLIANCE STATUS<\/strong>\u00a0<\/p><p>This website is partially compliant with the<a href=\"https:\/\/www.boe.es\/diario_boe\/txt.php?id=BOE-A-2018-12699\" target=\"_blank\" rel=\"noreferrer noopener\">RD 1112\/2018<\/a>due to non-compliance with the aspects indicated below.\u00a0<\/p><p><strong>Content not accessible<\/strong>\u00a0<\/p><p>The content below is not accessible for the following reasons:\u00a0<\/p><p><strong>Lack of compliance with RD 1112\/2018<\/strong>\u00a0<\/p><ul class=\"wp-block-list\"><li>Images can be found without accompanying explanatory text.\u00a0<\/li><li>Incorrect tag nesting may still be found.\u00a0<\/li><li>There may be editing errors on the website.\u00a0<\/li><\/ul><p><strong>Disproportionate burden<\/strong>\u00a0<\/p><ul class=\"wp-block-list\"><li>Not applicable.\u00a0<\/li><\/ul><p><strong>The content does not fall within the scope of applicable legislation.<\/strong>\u00a0<\/p><ul class=\"wp-block-list\"><li>There are PDF office files that do not fully meet all accessibility requirements.\u00a0<\/li><\/ul><p>This statement was prepared on January 15, 2023.\u00a0<\/p><p>The method used to prepare the declaration was a self-assessment carried out by the accessibility team.\u00a0<\/p><p>Last revised statement: January 12, 2023.\u00a0<\/p><p><strong>Comments and contact information<\/strong>\u00a0<\/p><p>You can make communications about accessibility requirements (article 10.2.a) of RD 1112\/2018) such as:\u00a0<\/p><ul class=\"wp-block-list\"><li>Report any potential non-compliance by this website.\u00a0<\/li><li>Transmit other difficulties in accessing the content.\u00a0<\/li><li>Make any other queries or suggestions for improvements related to the accessibility of the website.\u00a0<\/li><\/ul><p>Through our suggestion box basicosycopas@icloud.com, or in person at our headquarters: CALLE VILLAFRECH\u00d3S N.\u00ba 1 47008 VALLADOLID\u00a0<\/p><p>Communications will be received and processed by the Accessibility team.\u00a0<\/p><\/div>\n\t\t\t\t<\/div>\n\t\t\t\t\t<\/div>\n\t\t\t\t<\/div>\t\t<\/div>","protected":false},"excerpt":{"rendered":"<p>ACCESIBILIDAD WEB\u00a0 Actualizado 15\/03\/2023\u00a0 JOS\u00c9 LUIS CANTALAPIEDRA RICO\u00a0se compromete en hacer accesible su sitio web de conformidad con el\u202fReal Decreto 1112\/2018, sobre accesibilidad de los sitios webs y aplicaciones para dispositivos m\u00f3viles del sector p\u00fablico.\u00a0 La presente declaraci\u00f3n de accesibilidad se aplica al sitio web sujoya.es SITUACI\u00d3N DE CUMPLIMIENTO\u00a0 Este sitio web es parcialmente conforme [&hellip;]<\/p>\n","protected":false},"author":1,"featured_media":0,"parent":0,"menu_order":0,"comment_status":"closed","ping_status":"closed","template":"","meta":{"footnotes":""},"class_list":["post-111","page","type-page","status-publish","hentry"],"yoast_head":"<!-- This site is optimized with the Yoast SEO plugin v26.8 - https:\/\/yoast.com\/product\/yoast-seo-wordpress\/ -->\n<title>Accesibilidad - Joyeria Sujoya<\/title>\n<meta name=\"robots\" content=\"index, follow, max-snippet:-1, max-image-preview:large, max-video-preview:-1\" \/>\n<link rel=\"canonical\" href=\"https:\/\/sujoya.es\/en\/accesibilidad\/\" \/>\n<meta property=\"og:locale\" content=\"en_GB\" \/>\n<meta property=\"og:type\" content=\"article\" \/>\n<meta property=\"og:title\" content=\"Accesibilidad - Joyeria Sujoya\" \/>\n<meta property=\"og:description\" content=\"ACCESIBILIDAD WEB\u00a0 Actualizado 15\/03\/2023\u00a0 JOS\u00c9 LUIS CANTALAPIEDRA RICO\u00a0se compromete en hacer accesible su sitio web de conformidad con el\u202fReal Decreto 1112\/2018, sobre accesibilidad de los sitios webs y aplicaciones para dispositivos m\u00f3viles del sector p\u00fablico.\u00a0 La presente declaraci\u00f3n de accesibilidad se aplica al sitio web sujoya.es SITUACI\u00d3N DE CUMPLIMIENTO\u00a0 Este sitio web es parcialmente conforme [&hellip;]\" \/>\n<meta property=\"og:url\" content=\"https:\/\/sujoya.es\/en\/accesibilidad\/\" \/>\n<meta property=\"og:site_name\" content=\"Joyeria Sujoya\" \/>\n<meta property=\"article:modified_time\" content=\"2024-04-18T11:03:44+00:00\" \/>\n<meta name=\"twitter:card\" content=\"summary_large_image\" \/>\n<meta name=\"twitter:label1\" content=\"Estimated reading time\" \/>\n\t<meta name=\"twitter:data1\" content=\"2 minutes\" \/>\n<script type=\"application\/ld+json\" class=\"yoast-schema-graph\">{\"@context\":\"https:\/\/schema.org\",\"@graph\":[{\"@type\":\"WebPage\",\"@id\":\"https:\/\/sujoya.es\/accesibilidad\/\",\"url\":\"https:\/\/sujoya.es\/accesibilidad\/\",\"name\":\"Accesibilidad - Joyeria Sujoya\",\"isPartOf\":{\"@id\":\"https:\/\/sujoya.es\/#website\"},\"datePublished\":\"2023-11-28T18:04:38+00:00\",\"dateModified\":\"2024-04-18T11:03:44+00:00\",\"breadcrumb\":{\"@id\":\"https:\/\/sujoya.es\/accesibilidad\/#breadcrumb\"},\"inLanguage\":\"en-GB\",\"potentialAction\":[{\"@type\":\"ReadAction\",\"target\":[\"https:\/\/sujoya.es\/accesibilidad\/\"]}]},{\"@type\":\"BreadcrumbList\",\"@id\":\"https:\/\/sujoya.es\/accesibilidad\/#breadcrumb\",\"itemListElement\":[{\"@type\":\"ListItem\",\"position\":1,\"name\":\"Portada\",\"item\":\"https:\/\/sujoya.es\/\"},{\"@type\":\"ListItem\",\"position\":2,\"name\":\"Accesibilidad\"}]},{\"@type\":\"WebSite\",\"@id\":\"https:\/\/sujoya.es\/#website\",\"url\":\"https:\/\/sujoya.es\/\",\"name\":\"Joyeria Su Joya\",\"description\":\"\u00a1Joyer\u00eda Sujoya en Valladolid desde hace m\u00e1s de 20 a\u00f1os! \ud83d\udc8d\u2728 Descubre nuestras colecciones de relojes, joyas, alianzas... #Joyer\u00edaValladolid\",\"publisher\":{\"@id\":\"https:\/\/sujoya.es\/#organization\"},\"potentialAction\":[{\"@type\":\"SearchAction\",\"target\":{\"@type\":\"EntryPoint\",\"urlTemplate\":\"https:\/\/sujoya.es\/?s={search_term_string}\"},\"query-input\":{\"@type\":\"PropertyValueSpecification\",\"valueRequired\":true,\"valueName\":\"search_term_string\"}}],\"inLanguage\":\"en-GB\"},{\"@type\":\"Organization\",\"@id\":\"https:\/\/sujoya.es\/#organization\",\"name\":\"Joyeria Su Joya\",\"url\":\"https:\/\/sujoya.es\/\",\"logo\":{\"@type\":\"ImageObject\",\"inLanguage\":\"en-GB\",\"@id\":\"https:\/\/sujoya.es\/#\/schema\/logo\/image\/\",\"url\":\"https:\/\/sujoya.es\/wp-content\/uploads\/2023\/11\/logotipo_web.png\",\"contentUrl\":\"https:\/\/sujoya.es\/wp-content\/uploads\/2023\/11\/logotipo_web.png\",\"width\":1185,\"height\":339,\"caption\":\"Joyeria Su Joya\"},\"image\":{\"@id\":\"https:\/\/sujoya.es\/#\/schema\/logo\/image\/\"}}]}<\/script>\n<!-- \/ Yoast SEO plugin. -->","yoast_head_json":{"title":"Accesibilidad - Joyeria Sujoya","robots":{"index":"index","follow":"follow","max-snippet":"max-snippet:-1","max-image-preview":"max-image-preview:large","max-video-preview":"max-video-preview:-1"},"canonical":"https:\/\/sujoya.es\/en\/accesibilidad\/","og_locale":"en_GB","og_type":"article","og_title":"Accesibilidad - Joyeria Sujoya","og_description":"ACCESIBILIDAD WEB\u00a0 Actualizado 15\/03\/2023\u00a0 JOS\u00c9 LUIS CANTALAPIEDRA RICO\u00a0se compromete en hacer accesible su sitio web de conformidad con el\u202fReal Decreto 1112\/2018, sobre accesibilidad de los sitios webs y aplicaciones para dispositivos m\u00f3viles del sector p\u00fablico.\u00a0 La presente declaraci\u00f3n de accesibilidad se aplica al sitio web sujoya.es SITUACI\u00d3N DE CUMPLIMIENTO\u00a0 Este sitio web es parcialmente conforme [&hellip;]","og_url":"https:\/\/sujoya.es\/en\/accesibilidad\/","og_site_name":"Joyeria Sujoya","article_modified_time":"2024-04-18T11:03:44+00:00","twitter_card":"summary_large_image","twitter_misc":{"Estimated reading time":"2 minutes"},"schema":{"@context":"https:\/\/schema.org","@graph":[{"@type":"WebPage","@id":"https:\/\/sujoya.es\/accesibilidad\/","url":"https:\/\/sujoya.es\/accesibilidad\/","name":"Accesibilidad - Joyeria Sujoya","isPartOf":{"@id":"https:\/\/sujoya.es\/#website"},"datePublished":"2023-11-28T18:04:38+00:00","dateModified":"2024-04-18T11:03:44+00:00","breadcrumb":{"@id":"https:\/\/sujoya.es\/accesibilidad\/#breadcrumb"},"inLanguage":"en-GB","potentialAction":[{"@type":"ReadAction","target":["https:\/\/sujoya.es\/accesibilidad\/"]}]},{"@type":"BreadcrumbList","@id":"https:\/\/sujoya.es\/accesibilidad\/#breadcrumb","itemListElement":[{"@type":"ListItem","position":1,"name":"Portada","item":"https:\/\/sujoya.es\/"},{"@type":"ListItem","position":2,"name":"Accesibilidad"}]},{"@type":"WebSite","@id":"https:\/\/sujoya.es\/#website","url":"https:\/\/sujoya.es\/","name":"Joyeria Su Joya","description":"Sujoya Jewelry in Valladolid for over 20 years! \ud83d\udc8d\u2728 Discover our collections of watches, jewelry, wedding rings... #Joyer\u00edaValladolid","publisher":{"@id":"https:\/\/sujoya.es\/#organization"},"potentialAction":[{"@type":"SearchAction","target":{"@type":"EntryPoint","urlTemplate":"https:\/\/sujoya.es\/?s={search_term_string}"},"query-input":{"@type":"PropertyValueSpecification","valueRequired":true,"valueName":"search_term_string"}}],"inLanguage":"en-GB"},{"@type":"Organization","@id":"https:\/\/sujoya.es\/#organization","name":"Joyeria Su Joya","url":"https:\/\/sujoya.es\/","logo":{"@type":"ImageObject","inLanguage":"en-GB","@id":"https:\/\/sujoya.es\/#\/schema\/logo\/image\/","url":"https:\/\/sujoya.es\/wp-content\/uploads\/2023\/11\/logotipo_web.png","contentUrl":"https:\/\/sujoya.es\/wp-content\/uploads\/2023\/11\/logotipo_web.png","width":1185,"height":339,"caption":"Joyeria Su Joya"},"image":{"@id":"https:\/\/sujoya.es\/#\/schema\/logo\/image\/"}}]}},"_links":{"self":[{"href":"https:\/\/sujoya.es\/en\/wp-json\/wp\/v2\/pages\/111","targetHints":{"allow":["GET"]}}],"collection":[{"href":"https:\/\/sujoya.es\/en\/wp-json\/wp\/v2\/pages"}],"about":[{"href":"https:\/\/sujoya.es\/en\/wp-json\/wp\/v2\/types\/page"}],"author":[{"embeddable":true,"href":"https:\/\/sujoya.es\/en\/wp-json\/wp\/v2\/users\/1"}],"replies":[{"embeddable":true,"href":"https:\/\/sujoya.es\/en\/wp-json\/wp\/v2\/comments?post=111"}],"version-history":[{"count":2,"href":"https:\/\/sujoya.es\/en\/wp-json\/wp\/v2\/pages\/111\/revisions"}],"predecessor-version":[{"id":1115,"href":"https:\/\/sujoya.es\/en\/wp-json\/wp\/v2\/pages\/111\/revisions\/1115"}],"wp:attachment":[{"href":"https:\/\/sujoya.es\/en\/wp-json\/wp\/v2\/media?parent=111"}],"curies":[{"name":"wp","href":"https:\/\/api.w.org\/{rel}","templated":true}]}}